{"id":5474,"date":"2017-11-08T15:15:19","date_gmt":"2017-11-08T15:15:19","guid":{"rendered":"http:\/\/dellavitawater.com\/site\/?page_id=5474"},"modified":"2017-11-20T21:50:39","modified_gmt":"2017-11-20T21:50:39","slug":"aquasana-fixed-regular","status":"publish","type":"page","link":"http:\/\/dellavitawater.com\/es\/aquasana-fixed-regular\/","title":{"rendered":"Aquasana Fixed Regular"},"content":{"rendered":"<div class=\"wpb-content-wrapper\"><p>[vc_row][vc_column width=\u00bb1\/2&#8243;][vc_single_image image=\u00bb5489&#8243; img_size=\u00bbfull\u00bb][\/vc_column][vc_column width=\u00bb1\/2&#8243;][vc_column_text]<\/p>\n<h2>Aquasana Fixed Regular<\/h2>\n<p>Cabezal de ducha con dise\u00f1o aerodin\u00e1mico que no requiere manguera y el soporte para instalaci\u00f3n. La compra incluye cabezal de ducha y filtro de aroma.<\/p>\n<p>Filtro de ducha con vitamina C que reduce hasta un 99% de cloro, ahorra entre el 10% y el 30% de agua, ayuda a suavizar y calmar la irritaci\u00f3n de la piel, hace que el cabello sea m\u00e1s sedoso y tambi\u00e9n tiene poder antibacterial.<\/p>\n<p>Disponible en varios aromas: C\u00edtricos, mango, lavanda, eucalipto, jazm\u00edn, rosa, pino y neutro.[\/vc_column_text][\/vc_column][\/vc_row][vc_row][vc_column][vc_tta_tabs color=\u00bbwhite\u00bb active_section=\u00bb1&#8243;][vc_tta_section i_icon_fontawesome=\u00bbfa fa-book\u00bb add_icon=\u00bbtrue\u00bb title=\u00bbEspecificaciones\u00bb tab_id=\u00bb1510943682928-5c238980-731c\u00bb][vc_column_text]<\/p>\n<ul>\n<li>Aroma vitamina C Tech filtro.<\/li>\n<li>Un plato (AQUAVITA) con agujeros con forma de tri\u00e1ngulos para ahorro de agua, efectos de masaje y cascada al ducharse.<\/li>\n<li>Un estuche con bolas de cer\u00e1micas antibacteriales.<\/li>\n<li>Un filtro de microtela para eliminar el \u00f3xido y los contaminantes de part\u00edculas.<\/li>\n<li>Filtros f\u00e1ciles de reemplazar.<\/li>\n<li>F\u00e1cil de instalar.<\/li>\n<li>Dise\u00f1o exclusivo en material de ABS con revestimiento de cromo.<\/li>\n<li>Filtra en 4 etapas: 1er paso: Filtro de aromas (Vitamina C), 2do paso: Filtro de bolas de cer\u00e1micas (Antibacteriales),<\/li>\n<li>3er paso: Micro filtro de tela (Filtra part\u00edculas grandes), 4to Paso: Plato con agujeros triangulares.<\/li>\n<\/ul>\n<p>[\/vc_column_text][\/vc_tta_section][vc_tta_section i_icon_fontawesome=\u00bbfa fa-thumbs-o-up\u00bb add_icon=\u00bbtrue\u00bb title=\u00bbBeneficios\u00bb tab_id=\u00bb1510117115236-69f46a4e-e73f3abf-1b2c\u00bb][vc_column_text]<\/p>\n<ul>\n<li>Reduce el cloro residual da\u00f1ino, hasta un 99%<\/li>\n<li>A\u00f1ade algunos humectantes naturales que pueden ayudar a aliviar irritaciones en la piel.<\/li>\n<li>Suaviza la piel, y hace al cabello m\u00e1s sedoso.<\/li>\n<li>Proporciona una experiencia de aromaterapia en la ducha.<\/li>\n<li>Emite m\u00e1s de 400,000 iones negativos por cm2, facilitando la relajaci\u00f3n, disminuyendo la ansiedad y el estr\u00e9s.<\/li>\n<li>Ayuda en la respiraci\u00f3n y aumenta el flujo sangu\u00edneo.<\/li>\n<li>Elimina las bacterias y evita que se reproduzcan.<\/li>\n<li>Permite un ahorro de agua entre 10% a 30%.<\/li>\n<li>Suaviza el agua sin agregar qu\u00edmicos da\u00f1inos.<\/li>\n<li>En general, produce m\u00e1s higiene en nuestro cuerpo.<\/li>\n<\/ul>\n<p>[\/vc_column_text][\/vc_tta_section][vc_tta_section i_icon_fontawesome=\u00bbfa fa-sticky-note-o\u00bb add_icon=\u00bbtrue\u00bb title=\u00bbDescripci\u00f3n\u00bb tab_id=\u00bb1510704854272-38775e1c-df30&#8243;][vc_column_text]<strong>AROMA<\/strong><\/p>\n<ul>\n<li>Genera un efecto de aromaterapia gracias a ingredientes como aceites arom\u00e1ticos naturales y vitamina C.<\/li>\n<li>Agua libre de cloro: El alto contenido de vitamina C permite la extracci\u00f3n de hasta un 98% del cloro del agua del grifo.<\/li>\n<li>Vitamina C en el agua: la vitamina C en el (AQUASANA- ducha saludable), es un tipo de gel que elimina los trihalometanos y cloro residual en el agua de grifo.<\/li>\n<li>Durante la ducha se liberan en el agua de 0,6 ~1,2 mg\/cc de vitamina C y es equivalente a 3,000 limones.<\/li>\n<li>A\u00f1ade humectantes naturales que ayudan a prevenir problemas de la piel, haci\u00e9ndola m\u00e1s suave y al cabello m\u00e1s sedoso.<\/li>\n<\/ul>\n<p><strong>AHORRO DE AGUA EN UN 10% ~ 30%<\/strong><\/p>\n<p>El dise\u00f1o de la ducha AQUASANA tiene un flujo reducido, lo cual representa un ahorro de dinero.<\/p>\n<p>Su cabezal de alta calidad proporciona una ducha gratificante y masajeadora, y usted solamente usar\u00e1 la mitad del agua que sol\u00eda usar.<\/p>\n<p><strong>IONES NEGATIVOS<\/strong><\/p>\n<p>Genera iones negativos que son aproximadamente 400,000 pcs\/cc, lo cual se debe a sus agujeros de pulverizaci\u00f3n triangular patentada.<\/p>\n<p><strong>ANTIBACTERIAL<\/strong><\/p>\n<p>Tecnolog\u00eda: Bolas de cer\u00e1micas antibacteriales que evitan la reproducci\u00f3n de bacterias y ayudan a mantener limpio el interior de la cabeza de la ducha. Suaviza el agua sin agregar qu\u00edmicos da\u00f1inos.[\/vc_column_text][\/vc_tta_section][\/vc_tta_tabs][\/vc_column][\/vc_row]<\/p>\n<\/div>","protected":false},"excerpt":{"rendered":"<p>[vc_row][vc_column width=\u00bb1\/2&#8243;][vc_single_image image=\u00bb5489&#8243; img_size=\u00bbfull\u00bb][\/vc_column][vc_column width=\u00bb1\/2&#8243;][vc_column_text] Aquasana Fixed Regular Cabezal de ducha con dise\u00f1o aerodin\u00e1mico que no requiere manguera y el soporte para instalaci\u00f3n. La compra incluye cabezal de ducha y filtro de aroma. Filtro de ducha con vitamina C que reduce hasta un 99% de cloro, ahorra entre el 10% y el 30% de agua,<a class=\"read-more\" href=\"http:\/\/dellavitawater.com\/es\/aquasana-fixed-regular\/\">Continue reading <i class=\"fa fa-angle-right fa-lg\"><\/i><\/a><\/p>\n","protected":false},"author":1,"featured_media":0,"parent":0,"menu_order":0,"comment_status":"closed","ping_status":"closed","template":"","meta":{"footnotes":""},"class_list":["post-5474","page","type-page","status-publish","hentry"],"_links":{"self":[{"href":"http:\/\/dellavitawater.com\/es\/wp-json\/wp\/v2\/pages\/5474","targetHints":{"allow":["GET"]}}],"collection":[{"href":"http:\/\/dellavitawater.com\/es\/wp-json\/wp\/v2\/pages"}],"about":[{"href":"http:\/\/dellavitawater.com\/es\/wp-json\/wp\/v2\/types\/page"}],"author":[{"embeddable":true,"href":"http:\/\/dellavitawater.com\/es\/wp-json\/wp\/v2\/users\/1"}],"replies":[{"embeddable":true,"href":"http:\/\/dellavitawater.com\/es\/wp-json\/wp\/v2\/comments?post=5474"}],"version-history":[{"count":9,"href":"http:\/\/dellavitawater.com\/es\/wp-json\/wp\/v2\/pages\/5474\/revisions"}],"predecessor-version":[{"id":5645,"href":"http:\/\/dellavitawater.com\/es\/wp-json\/wp\/v2\/pages\/5474\/revisions\/5645"}],"wp:attachment":[{"href":"http:\/\/dellavitawater.com\/es\/wp-json\/wp\/v2\/media?parent=5474"}],"curies":[{"name":"wp","href":"https:\/\/api.w.org\/{rel}","templated":true}]}}