{"id":5344,"date":"2017-11-07T19:47:01","date_gmt":"2017-11-07T19:47:01","guid":{"rendered":"http:\/\/dellavitawater.com\/site\/?page_id=5344"},"modified":"2017-11-20T21:53:10","modified_gmt":"2017-11-20T21:53:10","slug":"empleos","status":"publish","type":"page","link":"http:\/\/dellavitawater.com\/es\/empleos\/","title":{"rendered":"Oferta de Empleos"},"content":{"rendered":"<p><img loading=\"lazy\" decoding=\"async\" class=\"alignleft size-full wp-image-5519\" src=\"http:\/\/dellavitawater.com\/site\/wp-content\/uploads\/2017\/11\/10.jpg\" alt=\"\" width=\"1200\" height=\"350\" srcset=\"http:\/\/dellavitawater.com\/es\/wp-content\/uploads\/2017\/11\/10.jpg 1200w, http:\/\/dellavitawater.com\/es\/wp-content\/uploads\/2017\/11\/10-300x88.jpg 300w, http:\/\/dellavitawater.com\/es\/wp-content\/uploads\/2017\/11\/10-768x224.jpg 768w, http:\/\/dellavitawater.com\/es\/wp-content\/uploads\/2017\/11\/10-1024x299.jpg 1024w\" sizes=\"auto, (max-width: 1200px) 100vw, 1200px\" \/><\/p>\n<p>Estamos buscando personas con experiencia en ventas.<\/p>\n<p><strong>REQUISITOS:<\/strong><\/p>\n<ul>\n<li>Veh\u00edculo propio<\/li>\n<li>Biling\u00fce (Espa\u00f1ol-Ingl\u00e9s)<\/li>\n<li>Capacidad de trabajar seg\u00fan objetivos.<\/li>\n<\/ul>\n<p><strong>BENEFICIOS:<\/strong><\/p>\n<ul>\n<li>Agradable ambiente de trabajo<\/li>\n<li>Entrenamiento permanente<\/li>\n<li>Programa de bonificaci\u00f3n basado en el rendimiento.<\/li>\n<\/ul>\n<p>Interesados pueden contactarnos enviando su resum\u00e9 a <a href=\"mailto:Info@dellavitawater.com\">Info@dellavitawater.com<\/a><\/p>\n<p>&nbsp;<\/p>\n","protected":false},"excerpt":{"rendered":"<p>Estamos buscando personas con experiencia en ventas. REQUISITOS: Veh\u00edculo propio Biling\u00fce (Espa\u00f1ol-Ingl\u00e9s) Capacidad de trabajar seg\u00fan objetivos. BENEFICIOS: Agradable ambiente de trabajo Entrenamiento permanente Programa de bonificaci\u00f3n basado en el rendimiento. Interesados pueden contactarnos enviando su resum\u00e9 a Info@dellavitawater.com &nbsp;<\/p>\n","protected":false},"author":1,"featured_media":0,"parent":0,"menu_order":0,"comment_status":"closed","ping_status":"closed","template":"","meta":{"footnotes":""},"class_list":["post-5344","page","type-page","status-publish","hentry"],"_links":{"self":[{"href":"http:\/\/dellavitawater.com\/es\/wp-json\/wp\/v2\/pages\/5344","targetHints":{"allow":["GET"]}}],"collection":[{"href":"http:\/\/dellavitawater.com\/es\/wp-json\/wp\/v2\/pages"}],"about":[{"href":"http:\/\/dellavitawater.com\/es\/wp-json\/wp\/v2\/types\/page"}],"author":[{"embeddable":true,"href":"http:\/\/dellavitawater.com\/es\/wp-json\/wp\/v2\/users\/1"}],"replies":[{"embeddable":true,"href":"http:\/\/dellavitawater.com\/es\/wp-json\/wp\/v2\/comments?post=5344"}],"version-history":[{"count":8,"href":"http:\/\/dellavitawater.com\/es\/wp-json\/wp\/v2\/pages\/5344\/revisions"}],"predecessor-version":[{"id":5649,"href":"http:\/\/dellavitawater.com\/es\/wp-json\/wp\/v2\/pages\/5344\/revisions\/5649"}],"wp:attachment":[{"href":"http:\/\/dellavitawater.com\/es\/wp-json\/wp\/v2\/media?parent=5344"}],"curies":[{"name":"wp","href":"https:\/\/api.w.org\/{rel}","templated":true}]}}