{"id":5341,"date":"2017-11-07T19:44:57","date_gmt":"2017-11-07T19:44:57","guid":{"rendered":"http:\/\/dellavitawater.com\/site\/?page_id=5341"},"modified":"2017-11-17T17:26:19","modified_gmt":"2017-11-17T17:26:19","slug":"acerca","status":"publish","type":"page","link":"http:\/\/dellavitawater.com\/es\/acerca\/","title":{"rendered":"Nuestra Historia"},"content":{"rendered":"<p><img loading=\"lazy\" decoding=\"async\" class=\"alignleft size-full wp-image-5517\" src=\"http:\/\/dellavitawater.com\/site\/wp-content\/uploads\/2017\/11\/9.jpg\" alt=\"\" width=\"1200\" height=\"350\" srcset=\"http:\/\/dellavitawater.com\/es\/wp-content\/uploads\/2017\/11\/9.jpg 1200w, http:\/\/dellavitawater.com\/es\/wp-content\/uploads\/2017\/11\/9-300x88.jpg 300w, http:\/\/dellavitawater.com\/es\/wp-content\/uploads\/2017\/11\/9-768x224.jpg 768w, http:\/\/dellavitawater.com\/es\/wp-content\/uploads\/2017\/11\/9-1024x299.jpg 1024w\" sizes=\"auto, (max-width: 1200px) 100vw, 1200px\" \/><\/p>\n<p><strong>Della Vita Life Water y la venta directa<\/strong>.<\/p>\n<p>En 1915, la Fuller Brush Company, un fabricante de productos para el hogar y cepillos se reorganizo como una organizaci\u00f3n con sucursales y estas a su vez supervisaban, entrenaban y asociaban a nuevos vendedores y gestionaban a los grupos regionales. Exist\u00edan gerentes regionales que eran pagos por la compa\u00f1\u00eda o recib\u00edan una comisi\u00f3n extra por supervisi\u00f3n.<\/p>\n<p>Se estima que para 1920 exist\u00edan m\u00e1s de doscientas mil personas que vend\u00edan puerta a puerta solo en Estados Unidos. A finales de esta d\u00e9cada surgen algunas compa\u00f1\u00edas que son leyenda en la industria de la venta directa, como Avon Corporation, Electrolux fabricante de aspiradoras y W.T Raleigh.<\/p>\n<p><strong>En la d\u00e9cada de los 30 la industria de la venta directa sigui\u00f3 en expansi\u00f3n.<\/strong><strong>\u00a0<\/strong><em>Frank S. Beveridge<\/em>, ejecutivo de\u00a0<em>Fuller Brush<\/em>, fund\u00f3\u00a0<em>Stanley Home Products<\/em>.<\/p>\n<p><em>Encyclopaedia Britannica<\/em>\u00a0fue lanzada por\u00a0<em>Sears Roebuck<\/em>\u00a0<em>and Compan<\/em>y por medio de la subdivisi\u00f3n de cat\u00e1logo, quien la vendi\u00f3 en 1933 a una compa\u00f1\u00eda de venta directa que se especializaba en productos basados en el conocimiento.<\/p>\n<p><strong>La d\u00e9cada de los 40 result\u00f3 particularmente memorable para la industria.<\/strong><\/p>\n<p>En 1949 Dorita Barret de Sa inicia un negocio familiar enfocado al conocimiento y toma la decisi\u00f3n de exportar productos de Encyclopaedia Brit\u00e1nnica a Am\u00e9rica Latina, creando as\u00ed la Enciclopedia Barsa en portugu\u00e9s y la Enciclopedia Hisp\u00e1nica en espa\u00f1ol. De esta forma, se crea una organizaci\u00f3n de venta directa con m\u00e1s de 5,000 vendedores desde M\u00e9xico hasta Argentina, quienes fueron pioneros en el desarrollo de m\u00e1s de 10 canales comerciales.<\/p>\n<p>El nuevo milenio trae nuevas tecnolog\u00edas en busca de cubrir las necesidades b\u00e1sicas de la humanidad, entre ellas, el agua.<\/p>\n<p>En el a\u00f1o 2015, Javier Armenta, un entusiasta emprendedor, funda con otros socios la empresa Della Vita Life Water Inc. con el objetivo de llevar a la poblaci\u00f3n de USA productos que les permitan beber y usar agua saludable. Su visi\u00f3n tambi\u00e9n est\u00e1 enfocada en extender los beneficios del uso de agua saludable a otros pa\u00edses, especialmente a Latinoam\u00e9rica.<\/p>\n<p>En el a\u00f1o 2017 desarrolla un equipo enfocado espec\u00edficamente en venta directa, quienes provienen en su mayor\u00eda de la misma escuela de Encyclopedia Britannica, incorporando as\u00ed las mejores estrategias y talento humano.<\/p>\n<p>\u00a1El futuro es de quien lo conquista! \u00a1Bienvenidos a Della Vita!<\/p>\n","protected":false},"excerpt":{"rendered":"<p>Della Vita Life Water y la venta directa. En 1915, la Fuller Brush Company, un fabricante de productos para el hogar y cepillos se reorganizo como una organizaci\u00f3n con sucursales y estas a su vez supervisaban, entrenaban y asociaban a nuevos vendedores y gestionaban a los grupos regionales. Exist\u00edan gerentes regionales que eran pagos por<a class=\"read-more\" href=\"http:\/\/dellavitawater.com\/es\/acerca\/\">Continue reading <i class=\"fa fa-angle-right fa-lg\"><\/i><\/a><\/p>\n","protected":false},"author":1,"featured_media":0,"parent":0,"menu_order":0,"comment_status":"closed","ping_status":"closed","template":"","meta":{"footnotes":""},"class_list":["post-5341","page","type-page","status-publish","hentry"],"_links":{"self":[{"href":"http:\/\/dellavitawater.com\/es\/wp-json\/wp\/v2\/pages\/5341","targetHints":{"allow":["GET"]}}],"collection":[{"href":"http:\/\/dellavitawater.com\/es\/wp-json\/wp\/v2\/pages"}],"about":[{"href":"http:\/\/dellavitawater.com\/es\/wp-json\/wp\/v2\/types\/page"}],"author":[{"embeddable":true,"href":"http:\/\/dellavitawater.com\/es\/wp-json\/wp\/v2\/users\/1"}],"replies":[{"embeddable":true,"href":"http:\/\/dellavitawater.com\/es\/wp-json\/wp\/v2\/comments?post=5341"}],"version-history":[{"count":4,"href":"http:\/\/dellavitawater.com\/es\/wp-json\/wp\/v2\/pages\/5341\/revisions"}],"predecessor-version":[{"id":5611,"href":"http:\/\/dellavitawater.com\/es\/wp-json\/wp\/v2\/pages\/5341\/revisions\/5611"}],"wp:attachment":[{"href":"http:\/\/dellavitawater.com\/es\/wp-json\/wp\/v2\/media?parent=5341"}],"curies":[{"name":"wp","href":"https:\/\/api.w.org\/{rel}","templated":true}]}}