{"id":5308,"date":"2017-11-06T04:21:18","date_gmt":"2017-11-06T04:21:18","guid":{"rendered":"http:\/\/dellavitawater.com\/site\/?page_id=5308"},"modified":"2018-06-26T13:58:33","modified_gmt":"2018-06-26T13:58:33","slug":"preguntas","status":"publish","type":"page","link":"http:\/\/dellavitawater.com\/es\/preguntas\/","title":{"rendered":"Preguntas frecuentes"},"content":{"rendered":"<div class=\"wpb-content-wrapper\"><p>[vc_row][vc_column][vc_single_image image=\u00bb5515&#8243; img_size=\u00bbfull\u00bb][\/vc_column][\/vc_row][vc_row][vc_column][vc_toggle title=\u00bb\u00bfPor qu\u00e9 es necesario filtrar el agua potable?\u00bb]Debido a que muchas enfermedades se propagan a trav\u00e9s del agua, y hacer una filtraci\u00f3n adecuada es esencial para su salud. El agua que usted toma es responsable de la ejecuci\u00f3n armoniosa de las funciones corporales. La deshidrataci\u00f3n puede provocar dolores de cabeza, indigesti\u00f3n e infecciones.[\/vc_toggle][vc_toggle title=\u00bb\u00bfCu\u00e1les bacterias se encuentran com\u00fanmente en el agua no tratada?\u00bb]Muchos microorganismos da\u00f1inos se pueden encontrar en el agua no tratada, incluyendo: Cryptosporidium, Giardia lamblia, Legionella, E. Coli, Rhizopus stolonifera y Salmonella.<\/p>\n<p>Tambi\u00e9n hay ciertos virus presentes en el agua potable no tratada. Junto con las bacterias, tomar agua no tratada puede causar problemas gastrointestinales, neumon\u00eda, dolores de cabeza e infecciones. El sistema de filtraci\u00f3n de agua instalado y mantenido por Della Vita Life Water puede eliminar esas bacterias y los virus de su agua potable residencial o comercial.[\/vc_toggle][vc_toggle title=\u00bb\u00bfQu\u00e9 se puede eliminar con los filtros de agua?\u00bb]Las sustancias m\u00e1s comunes que se eliminan durante la filtraci\u00f3n de agua son sustancias qu\u00edmicas, metales y contaminantes org\u00e1nicos e inorg\u00e1nicos. Los sistemas de filtraci\u00f3n de agua de Della Vita utilizan elementos m\u00faltiples como la \u00f3smosis inversa y el tratamiento con luz ultravioleta para garantizar que el agua est\u00e9 lo m\u00e1s limpia y pura posible.[\/vc_toggle][vc_toggle title=\u00bb\u00bfCu\u00e1les qu\u00edmicos se encuentran com\u00fanmente en el agua no tratada?\u00bb]Algunos de los productos qu\u00edmicos que se encuentran en los suministros de agua potable incluyen: ars\u00e9nico, cloro, cobre, fertilizantes, plomo, mercurio y nitratos. Muchos de estos productos qu\u00edmicos pueden causar graves problemas de salud, especialmente cuando se consumen durante un largo per\u00edodo de tiempo o en grandes cantidades. Sin embargo, con un sistema de filtraci\u00f3n adecuado, usted podr\u00e1 eliminar de su agua potable todos esos productos qu\u00edmicos peligrosos.[\/vc_toggle][vc_toggle title=\u00bb\u00bfCu\u00e1l es la diferencia entre agua dura y agua blanda?\u00bb]El agua dura no es tratada y tiene altas cantidades de minerales como calcio y magnesio. El agua blanda se crea despu\u00e9s que el agua dura es filtrada y eliminando esos minerales.[\/vc_toggle][vc_toggle title=\u00bb\u00bfC\u00f3mo funciona el proceso de \u00f3smosis inversa?\u00bb]La \u00f3smosis inversa funciona cuando los minerales y s\u00f3lidos disueltos del agua son filtrados. El agua se filtra cuando pasa a trav\u00e9s de una membrana semipermeable, lo que permite que el agua purificada avance, mientras que los minerales, part\u00edculas y s\u00f3lidos disueltos que se filtran son desechados.[\/vc_toggle][vc_toggle title=\u00bb\u00bfC\u00f3mo funciona el sistema ultravioleta?\u00bb]El proceso ultravioleta es el m\u00e1s efectivo para eliminar bacterias y virus mediante la alteraci\u00f3n gen\u00e9tica del ADN. No mata los g\u00e9rmenes, pero los deja inactivos para que no causen da\u00f1o. El sistema ultravioleta no elimina del agua ni el plomo ni otros minerales.[\/vc_toggle][vc_toggle title=\u00bb\u00bfC\u00f3mo puedo beneficiarme de un tratamiento de purificaci\u00f3n de agua?\u00bb]<\/p>\n<ul>\n<li>Mejor sabor: Los sistemas de purificaci\u00f3n eliminan el cloro y otros contaminantes que pueden alterar el sabor del agua, por lo que el agua que corre a trav\u00e9s de estos sistemas tiene mejor sabor.<\/li>\n<li>Minerales a menor escala: El agua no purificada generalmente contiene una variedad de sustancias que incluyen calcio, cal, hierro y magnesio, las cuales crean problemas en toda la casa, incluyendo acumulaci\u00f3n de minerales en las tuber\u00edas y calentadores de agua, formaci\u00f3n de sarro en la cocina y accesorios de ba\u00f1o y disminuci\u00f3n de la eficiencia de los aparatos que usan agua. Un sistema de purificaci\u00f3n puede ayudar a proteger tuber\u00edas, accesorios y electrodom\u00e9sticos de la acumulaci\u00f3n de minerales.<\/li>\n<li><\/li>\n<\/ul>\n<p>[\/vc_toggle][\/vc_column][\/vc_row]<\/p>\n<\/div>","protected":false},"excerpt":{"rendered":"<p>[vc_row][vc_column][vc_single_image image=\u00bb5515&#8243; img_size=\u00bbfull\u00bb][\/vc_column][\/vc_row][vc_row][vc_column][vc_toggle title=\u00bb\u00bfPor qu\u00e9 es necesario filtrar el agua potable?\u00bb]Debido a que muchas enfermedades se propagan a trav\u00e9s del agua, y hacer una filtraci\u00f3n adecuada es esencial para su salud. El agua que usted toma es responsable de la ejecuci\u00f3n armoniosa de las funciones corporales. La deshidrataci\u00f3n puede provocar dolores de cabeza, indigesti\u00f3n e<a class=\"read-more\" href=\"http:\/\/dellavitawater.com\/es\/preguntas\/\">Continue reading <i class=\"fa fa-angle-right fa-lg\"><\/i><\/a><\/p>\n","protected":false},"author":1,"featured_media":0,"parent":0,"menu_order":0,"comment_status":"closed","ping_status":"closed","template":"","meta":{"footnotes":""},"class_list":["post-5308","page","type-page","status-publish","hentry"],"_links":{"self":[{"href":"http:\/\/dellavitawater.com\/es\/wp-json\/wp\/v2\/pages\/5308","targetHints":{"allow":["GET"]}}],"collection":[{"href":"http:\/\/dellavitawater.com\/es\/wp-json\/wp\/v2\/pages"}],"about":[{"href":"http:\/\/dellavitawater.com\/es\/wp-json\/wp\/v2\/types\/page"}],"author":[{"embeddable":true,"href":"http:\/\/dellavitawater.com\/es\/wp-json\/wp\/v2\/users\/1"}],"replies":[{"embeddable":true,"href":"http:\/\/dellavitawater.com\/es\/wp-json\/wp\/v2\/comments?post=5308"}],"version-history":[{"count":6,"href":"http:\/\/dellavitawater.com\/es\/wp-json\/wp\/v2\/pages\/5308\/revisions"}],"predecessor-version":[{"id":5683,"href":"http:\/\/dellavitawater.com\/es\/wp-json\/wp\/v2\/pages\/5308\/revisions\/5683"}],"wp:attachment":[{"href":"http:\/\/dellavitawater.com\/es\/wp-json\/wp\/v2\/media?parent=5308"}],"curies":[{"name":"wp","href":"https:\/\/api.w.org\/{rel}","templated":true}]}}