{"id":5306,"date":"2017-11-06T04:20:59","date_gmt":"2017-11-06T04:20:59","guid":{"rendered":"http:\/\/dellavitawater.com\/site\/?page_id=5306"},"modified":"2017-11-17T17:17:24","modified_gmt":"2017-11-17T17:17:24","slug":"garantia","status":"publish","type":"page","link":"http:\/\/dellavitawater.com\/es\/garantia\/","title":{"rendered":"Programa de garant\u00eda"},"content":{"rendered":"<p><img loading=\"lazy\" decoding=\"async\" class=\"alignleft size-full wp-image-5513\" src=\"http:\/\/dellavitawater.com\/site\/wp-content\/uploads\/2017\/11\/7.jpg\" alt=\"\" width=\"1200\" height=\"350\" srcset=\"http:\/\/dellavitawater.com\/es\/wp-content\/uploads\/2017\/11\/7.jpg 1200w, http:\/\/dellavitawater.com\/es\/wp-content\/uploads\/2017\/11\/7-300x88.jpg 300w, http:\/\/dellavitawater.com\/es\/wp-content\/uploads\/2017\/11\/7-768x224.jpg 768w, http:\/\/dellavitawater.com\/es\/wp-content\/uploads\/2017\/11\/7-1024x299.jpg 1024w\" sizes=\"auto, (max-width: 1200px) 100vw, 1200px\" \/><\/p>\n<p>Todos nuestros productos se venden bajo la garant\u00eda exclusiva de un a\u00f1o a partir de la fecha de venta, lo que garantiza que est\u00e1 libre de defectos.<\/p>\n<p>Della Vita acepta reemplazar sin cargo, todas las piezas que presenten defectos dentro de un a\u00f1o a partir de la fecha de venta. Esta garant\u00eda no se aplica si el equipo ha sido sujeto a mal uso, negligencia, accidentes o instalaci\u00f3n incorrecta realizada por alguien diferente de nuestro personal.<\/p>\n<p>Della Vita tambi\u00e9n tiene un programa de garant\u00eda extendida disponible. Si desea m\u00e1s detalles, por favor comun\u00edquese con nosotros a <a href=\"mailto:info@dellavitawater.com\">info@dellavitawater.com<\/a>.<\/p>\n","protected":false},"excerpt":{"rendered":"<p>Todos nuestros productos se venden bajo la garant\u00eda exclusiva de un a\u00f1o a partir de la fecha de venta, lo que garantiza que est\u00e1 libre de defectos. Della Vita acepta reemplazar sin cargo, todas las piezas que presenten defectos dentro de un a\u00f1o a partir de la fecha de venta. Esta garant\u00eda no se aplica<a class=\"read-more\" href=\"http:\/\/dellavitawater.com\/es\/garantia\/\">Continue reading <i class=\"fa fa-angle-right fa-lg\"><\/i><\/a><\/p>\n","protected":false},"author":1,"featured_media":0,"parent":0,"menu_order":0,"comment_status":"closed","ping_status":"closed","template":"","meta":{"footnotes":""},"class_list":["post-5306","page","type-page","status-publish","hentry"],"_links":{"self":[{"href":"http:\/\/dellavitawater.com\/es\/wp-json\/wp\/v2\/pages\/5306","targetHints":{"allow":["GET"]}}],"collection":[{"href":"http:\/\/dellavitawater.com\/es\/wp-json\/wp\/v2\/pages"}],"about":[{"href":"http:\/\/dellavitawater.com\/es\/wp-json\/wp\/v2\/types\/page"}],"author":[{"embeddable":true,"href":"http:\/\/dellavitawater.com\/es\/wp-json\/wp\/v2\/users\/1"}],"replies":[{"embeddable":true,"href":"http:\/\/dellavitawater.com\/es\/wp-json\/wp\/v2\/comments?post=5306"}],"version-history":[{"count":4,"href":"http:\/\/dellavitawater.com\/es\/wp-json\/wp\/v2\/pages\/5306\/revisions"}],"predecessor-version":[{"id":5609,"href":"http:\/\/dellavitawater.com\/es\/wp-json\/wp\/v2\/pages\/5306\/revisions\/5609"}],"wp:attachment":[{"href":"http:\/\/dellavitawater.com\/es\/wp-json\/wp\/v2\/media?parent=5306"}],"curies":[{"name":"wp","href":"https:\/\/api.w.org\/{rel}","templated":true}]}}