{"id":5302,"date":"2017-11-06T04:20:12","date_gmt":"2017-11-06T04:20:12","guid":{"rendered":"http:\/\/dellavitawater.com\/site\/?page_id=5302"},"modified":"2017-11-17T16:23:06","modified_gmt":"2017-11-17T16:23:06","slug":"aviso","status":"publish","type":"page","link":"http:\/\/dellavitawater.com\/es\/aviso\/","title":{"rendered":"Programa de Aviso"},"content":{"rendered":"<p><img loading=\"lazy\" decoding=\"async\" class=\"alignleft size-full wp-image-5511\" src=\"http:\/\/dellavitawater.com\/site\/wp-content\/uploads\/2017\/11\/6.jpg\" alt=\"\" width=\"1200\" height=\"350\" srcset=\"http:\/\/dellavitawater.com\/es\/wp-content\/uploads\/2017\/11\/6.jpg 1200w, http:\/\/dellavitawater.com\/es\/wp-content\/uploads\/2017\/11\/6-300x88.jpg 300w, http:\/\/dellavitawater.com\/es\/wp-content\/uploads\/2017\/11\/6-768x224.jpg 768w, http:\/\/dellavitawater.com\/es\/wp-content\/uploads\/2017\/11\/6-1024x299.jpg 1024w\" sizes=\"auto, (max-width: 1200px) 100vw, 1200px\" \/><\/p>\n<p>Un tratamiento de purificaci\u00f3n de agua de alta calidad durar\u00e1 muchos a\u00f1os si se mantiene adecuadamente. Por eso, Della Vita Life Water lleva a cabo un estricto control de todos los equipos instalados y de sus componentes. Nuestro departamento de servicio al cliente se pondr\u00e1 en contacto con usted para coordinar el cambio de filtro que est\u00e1 establecido en el manual de uso de su equipo.<\/p>\n","protected":false},"excerpt":{"rendered":"<p>Un tratamiento de purificaci\u00f3n de agua de alta calidad durar\u00e1 muchos a\u00f1os si se mantiene adecuadamente. Por eso, Della Vita Life Water lleva a cabo un estricto control de todos los equipos instalados y de sus componentes. Nuestro departamento de servicio al cliente se pondr\u00e1 en contacto con usted para coordinar el cambio de filtro<a class=\"read-more\" href=\"http:\/\/dellavitawater.com\/es\/aviso\/\">Continue reading <i class=\"fa fa-angle-right fa-lg\"><\/i><\/a><\/p>\n","protected":false},"author":1,"featured_media":0,"parent":0,"menu_order":0,"comment_status":"closed","ping_status":"closed","template":"","meta":{"footnotes":""},"class_list":["post-5302","page","type-page","status-publish","hentry"],"_links":{"self":[{"href":"http:\/\/dellavitawater.com\/es\/wp-json\/wp\/v2\/pages\/5302","targetHints":{"allow":["GET"]}}],"collection":[{"href":"http:\/\/dellavitawater.com\/es\/wp-json\/wp\/v2\/pages"}],"about":[{"href":"http:\/\/dellavitawater.com\/es\/wp-json\/wp\/v2\/types\/page"}],"author":[{"embeddable":true,"href":"http:\/\/dellavitawater.com\/es\/wp-json\/wp\/v2\/users\/1"}],"replies":[{"embeddable":true,"href":"http:\/\/dellavitawater.com\/es\/wp-json\/wp\/v2\/comments?post=5302"}],"version-history":[{"count":5,"href":"http:\/\/dellavitawater.com\/es\/wp-json\/wp\/v2\/pages\/5302\/revisions"}],"predecessor-version":[{"id":5608,"href":"http:\/\/dellavitawater.com\/es\/wp-json\/wp\/v2\/pages\/5302\/revisions\/5608"}],"wp:attachment":[{"href":"http:\/\/dellavitawater.com\/es\/wp-json\/wp\/v2\/media?parent=5302"}],"curies":[{"name":"wp","href":"https:\/\/api.w.org\/{rel}","templated":true}]}}