{"id":5300,"date":"2017-11-06T04:19:44","date_gmt":"2017-11-06T04:19:44","guid":{"rendered":"http:\/\/dellavitawater.com\/site\/?page_id=5300"},"modified":"2017-11-17T16:22:10","modified_gmt":"2017-11-17T16:22:10","slug":"mantenimiento","status":"publish","type":"page","link":"http:\/\/dellavitawater.com\/es\/mantenimiento\/","title":{"rendered":"Sistema de Mantenimiento"},"content":{"rendered":"<p><img loading=\"lazy\" decoding=\"async\" class=\"alignleft size-full wp-image-5509\" src=\"http:\/\/dellavitawater.com\/site\/wp-content\/uploads\/2017\/11\/5.jpg\" alt=\"\" width=\"1200\" height=\"350\" srcset=\"http:\/\/dellavitawater.com\/es\/wp-content\/uploads\/2017\/11\/5.jpg 1200w, http:\/\/dellavitawater.com\/es\/wp-content\/uploads\/2017\/11\/5-300x88.jpg 300w, http:\/\/dellavitawater.com\/es\/wp-content\/uploads\/2017\/11\/5-768x224.jpg 768w, http:\/\/dellavitawater.com\/es\/wp-content\/uploads\/2017\/11\/5-1024x299.jpg 1024w\" sizes=\"auto, (max-width: 1200px) 100vw, 1200px\" \/><\/p>\n<p>El mantenimiento adecuado mantiene la eficiencia en el funcionamiento de su equipo, lo que significa maximizar la vida \u00fatil del mismo.<\/p>\n<p>Durante el primer a\u00f1o el mantenimiento para los equipos Ultravita Softner y Aquavita RO ya est\u00e1 incluido. Adem\u00e1s, Della Vita ofrece un programa de mantenimiento vitalicio. Si desea m\u00e1s detalles, por favor comun\u00edquese con nosotros a <a href=\"mailto:info@dellavitawater.com\">info@dellavitawater.com<\/a>.<\/p>\n","protected":false},"excerpt":{"rendered":"<p>El mantenimiento adecuado mantiene la eficiencia en el funcionamiento de su equipo, lo que significa maximizar la vida \u00fatil del mismo. Durante el primer a\u00f1o el mantenimiento para los equipos Ultravita Softner y Aquavita RO ya est\u00e1 incluido. Adem\u00e1s, Della Vita ofrece un programa de mantenimiento vitalicio. Si desea m\u00e1s detalles, por favor comun\u00edquese con<a class=\"read-more\" href=\"http:\/\/dellavitawater.com\/es\/mantenimiento\/\">Continue reading <i class=\"fa fa-angle-right fa-lg\"><\/i><\/a><\/p>\n","protected":false},"author":1,"featured_media":0,"parent":0,"menu_order":0,"comment_status":"closed","ping_status":"closed","template":"","meta":{"footnotes":""},"class_list":["post-5300","page","type-page","status-publish","hentry"],"_links":{"self":[{"href":"http:\/\/dellavitawater.com\/es\/wp-json\/wp\/v2\/pages\/5300","targetHints":{"allow":["GET"]}}],"collection":[{"href":"http:\/\/dellavitawater.com\/es\/wp-json\/wp\/v2\/pages"}],"about":[{"href":"http:\/\/dellavitawater.com\/es\/wp-json\/wp\/v2\/types\/page"}],"author":[{"embeddable":true,"href":"http:\/\/dellavitawater.com\/es\/wp-json\/wp\/v2\/users\/1"}],"replies":[{"embeddable":true,"href":"http:\/\/dellavitawater.com\/es\/wp-json\/wp\/v2\/comments?post=5300"}],"version-history":[{"count":5,"href":"http:\/\/dellavitawater.com\/es\/wp-json\/wp\/v2\/pages\/5300\/revisions"}],"predecessor-version":[{"id":5607,"href":"http:\/\/dellavitawater.com\/es\/wp-json\/wp\/v2\/pages\/5300\/revisions\/5607"}],"wp:attachment":[{"href":"http:\/\/dellavitawater.com\/es\/wp-json\/wp\/v2\/media?parent=5300"}],"curies":[{"name":"wp","href":"https:\/\/api.w.org\/{rel}","templated":true}]}}