{"id":5287,"date":"2017-11-06T04:03:35","date_gmt":"2017-11-06T04:03:35","guid":{"rendered":"http:\/\/dellavitawater.com\/site\/?page_id=5287"},"modified":"2017-11-18T21:32:23","modified_gmt":"2017-11-18T21:32:23","slug":"aquavita-stick","status":"publish","type":"page","link":"http:\/\/dellavitawater.com\/es\/aquavita-stick\/","title":{"rendered":"Aquavita Stick"},"content":{"rendered":"<div class=\"wpb-content-wrapper\"><p>[vc_row][vc_column width=\u00bb1\/2&#8243;][vc_single_image image=\u00bb5449&#8243; img_size=\u00bbfull\u00bb][\/vc_column][vc_column width=\u00bb1\/2&#8243;][vc_column_text]<\/p>\n<h2>Aquavita Stick<\/h2>\n<p>Barra Alcalina port\u00e1til de \u00faltima generaci\u00f3n. Una soluci\u00f3n sencilla, barata y port\u00e1til. Mejora la calidad del agua y aumenta el pH. Cubierta exterior de acero inoxidable 304, con Bio-Elementos en el interior.[\/vc_column_text][\/vc_column][\/vc_row][vc_row][vc_column][vc_tta_tabs color=\u00bbwhite\u00bb active_section=\u00bb1&#8243;][vc_tta_section i_icon_fontawesome=\u00bbfa fa-book\u00bb add_icon=\u00bbtrue\u00bb title=\u00bbEspecificaciones\u00bb tab_id=\u00bb1511039084824-34267eee-27ff\u00bb][vc_column_text]<\/p>\n<ul>\n<li>Elaborada en acero inoxidable 304 de alta calidad.<\/li>\n<li>Turmalina, magnesio y otros minerales<\/li>\n<li>Puede usarla en botellas de 16.9 oz, bolsas de deporte, vasos, etc.<\/li>\n<li>Debe ser activada cada 3 semanas.<\/li>\n<li>Cada barra puede filtrar aproximadamente 500 botellas de 16.9 oz<\/li>\n<\/ul>\n<p>[\/vc_column_text][\/vc_tta_section][vc_tta_section i_icon_fontawesome=\u00bbfa fa-thumbs-o-up\u00bb add_icon=\u00bbtrue\u00bb title=\u00bbBeneficios\u00bb tab_id=\u00bb1510117115236-69f46a4e-e73f\u00bb][vc_column_text]<\/p>\n<ol>\n<li>Convierte el agua \u00e1cida embotellada y el agua filtrada en agua alcalina antioxidante en tan solo 15 o 20 minutos.<\/li>\n<li>Tiene un acci\u00f3n antibacterial una hora despu\u00e9s de haber sumergido la barra alcalinizadora en ella.<\/li>\n<li>Aumenta el pH entre 8.5 a 9.5.<\/li>\n<li>Aumenta el ORP negativo que ayuda a retardar seriamente el proceso de envejecimiento.<\/li>\n<li>Adiciona minerales al agua que son necesarios para el organismo y la salud.<\/li>\n<li>Ayuda a minimizar las fluctuaciones de PH del cuerpo.<\/li>\n<li>Facilita el intercambio de ox\u00edgeno y nutrientes entre la sangre y los tejidos.<\/li>\n<li>Proporciona m\u00e1s energ\u00eda al organismo.<\/li>\n<li>Aumenta la capacidad de absorber vitaminas y minerales.<\/li>\n<li>Hidrata el organismo 6 veces m\u00e1s que el agua normal<\/li>\n<li>Su concentraci\u00f3n de calcio ayuda a mejorar la regeneraci\u00f3n \u00f3sea.<\/li>\n<li>Ayuda a controlar el reflujo acido.<\/li>\n<li>Ayuda a eliminar los radicales libres del organismo<\/li>\n<li>Impulsa a un mejor funcionamiento del metabolismo.<\/li>\n<li>Ayuda a fortalecer el sistema inmunol\u00f3gico.<\/li>\n<\/ol>\n<p>[\/vc_column_text][\/vc_tta_section][vc_tta_section i_icon_fontawesome=\u00bbfa fa-file-text-o\u00bb add_icon=\u00bbtrue\u00bb title=\u00bbInstrucciones de Uso\u00bb tab_id=\u00bb1510117115275-3ef8ec59-28f5&#8243;][vc_column_text]<strong>MODO DE USO<\/strong><\/p>\n<ul>\n<li>Use \u00fanicamente agua pura embotellada, agua filtrada o proveniente de osmosis inversa.<\/li>\n<li>No dejar que la barra alcalinizadora se quede sin agua por mucho tiempo<\/li>\n<li>Agitar suavemente entre 15 a 20 segundos y despu\u00e9s de 10 ~ 20 minutos tendr\u00e1 agua alcalina<\/li>\n<li>No usar con agua caliente.<\/li>\n<li><\/li>\n<\/ul>\n<p><strong>INSTRUCCIONES DE ACTIVACI\u00d3N<\/strong><\/p>\n<ul>\n<li>Las barras deben ser activadas en una mezcla de agua pura y vinagre, 70 % de agua y 30% de vinagre.<\/li>\n<li>Sumerja la barra en la mezcla de agua y vinagre movi\u00e9ndola constantemente por 3 minutos aproximadamente.<\/li>\n<li>Despu\u00e9s de los 3 minutos ret\u00edrela de la soluci\u00f3n y enju\u00e1guela con agua del grifo por otros tres minutos o hasta que haya desaparecido el olor del vinagre.<\/li>\n<li>Las barras se deben lavar cada semana s\u00f3lo con agua, y cada 3 semanas repetir el lavado con la soluci\u00f3n de agua y vinagre).<\/li>\n<li>Las barras deben usarse en agua pura o agua filtrada (NO AGUA DEL GRIFO NI MINERAL.)<\/li>\n<li>Si el volumen es de 1,5-2,0 litros de agua (agua pura), introduzca 3 barras<\/li>\n<li>Si el volumen del agua pura est\u00e1 entre 500ml y 1000ml, introduzca 2 barras<\/li>\n<li>Si el volumen agua pura es menos de 500 ml, introduzca 1 barra<\/li>\n<li>Despu\u00e9s de 15 o 20 minutos, el agua se convertir\u00e1 en agua alcalina hidrogenada.<\/li>\n<\/ul>\n<p>[\/vc_column_text][\/vc_tta_section][\/vc_tta_tabs][\/vc_column][\/vc_row]<\/p>\n<\/div>","protected":false},"excerpt":{"rendered":"<p>[vc_row][vc_column width=\u00bb1\/2&#8243;][vc_single_image image=\u00bb5449&#8243; img_size=\u00bbfull\u00bb][\/vc_column][vc_column width=\u00bb1\/2&#8243;][vc_column_text] Aquavita Stick Barra Alcalina port\u00e1til de \u00faltima generaci\u00f3n. Una soluci\u00f3n sencilla, barata y port\u00e1til. Mejora la calidad del agua y aumenta el pH. Cubierta exterior de acero inoxidable 304, con Bio-Elementos en el interior.[\/vc_column_text][\/vc_column][\/vc_row][vc_row][vc_column][vc_tta_tabs color=\u00bbwhite\u00bb active_section=\u00bb1&#8243;][vc_tta_section i_icon_fontawesome=\u00bbfa fa-book\u00bb add_icon=\u00bbtrue\u00bb title=\u00bbEspecificaciones\u00bb tab_id=\u00bb1511039084824-34267eee-27ff\u00bb][vc_column_text] Elaborada en acero inoxidable 304 de alta calidad. Turmalina,<a class=\"read-more\" href=\"http:\/\/dellavitawater.com\/es\/aquavita-stick\/\">Continue reading <i class=\"fa fa-angle-right fa-lg\"><\/i><\/a><\/p>\n","protected":false},"author":1,"featured_media":0,"parent":0,"menu_order":0,"comment_status":"closed","ping_status":"closed","template":"","meta":{"footnotes":""},"class_list":["post-5287","page","type-page","status-publish","hentry"],"_links":{"self":[{"href":"http:\/\/dellavitawater.com\/es\/wp-json\/wp\/v2\/pages\/5287","targetHints":{"allow":["GET"]}}],"collection":[{"href":"http:\/\/dellavitawater.com\/es\/wp-json\/wp\/v2\/pages"}],"about":[{"href":"http:\/\/dellavitawater.com\/es\/wp-json\/wp\/v2\/types\/page"}],"author":[{"embeddable":true,"href":"http:\/\/dellavitawater.com\/es\/wp-json\/wp\/v2\/users\/1"}],"replies":[{"embeddable":true,"href":"http:\/\/dellavitawater.com\/es\/wp-json\/wp\/v2\/comments?post=5287"}],"version-history":[{"count":9,"href":"http:\/\/dellavitawater.com\/es\/wp-json\/wp\/v2\/pages\/5287\/revisions"}],"predecessor-version":[{"id":5633,"href":"http:\/\/dellavitawater.com\/es\/wp-json\/wp\/v2\/pages\/5287\/revisions\/5633"}],"wp:attachment":[{"href":"http:\/\/dellavitawater.com\/es\/wp-json\/wp\/v2\/media?parent=5287"}],"curies":[{"name":"wp","href":"https:\/\/api.w.org\/{rel}","templated":true}]}}