{"id":5285,"date":"2017-11-06T04:03:20","date_gmt":"2017-11-06T04:03:20","guid":{"rendered":"http:\/\/dellavitawater.com\/site\/?page_id=5285"},"modified":"2017-11-20T21:49:31","modified_gmt":"2017-11-20T21:49:31","slug":"naturife-alkaline-pitcher","status":"publish","type":"page","link":"http:\/\/dellavitawater.com\/es\/naturife-alkaline-pitcher\/","title":{"rendered":"Naturife Alkaline Pitcher"},"content":{"rendered":"<div class=\"wpb-content-wrapper\"><p>[vc_row][vc_column width=\u00bb1\/2&#8243;][vc_single_image image=\u00bb5492&#8243; img_size=\u00bbfull\u00bb][\/vc_column][vc_column width=\u00bb1\/2&#8243;][vc_column_text]<\/p>\n<h2>Naturife Alkaline Pitcher<\/h2>\n<p>La jarra NATURIFE ofrece una forma c\u00f3moda y port\u00e1til de producir agua saludable. Al a\u00f1adirle agua embotellada, cuando \u00e9sta hace contacto con las bolas de cer\u00e1micas, instant\u00e1neamente comienza a revitalizase mediante la adici\u00f3n de minerales esenciales que fueron eliminados durante el proceso de purificaci\u00f3n.<\/p>\n<p>La jarra NATURIFE goza de un sistema de filtraci\u00f3n por decantaci\u00f3n del agua netamente natural, creando as\u00ed agua alcalina, antioxidante y antibacterial.[\/vc_column_text][\/vc_column][\/vc_row][vc_row][vc_column][vc_tta_tabs color=\u00bbwhite\u00bb active_section=\u00bb1&#8243;][vc_tta_section i_icon_fontawesome=\u00bbfa fa-book\u00bb add_icon=\u00bbtrue\u00bb title=\u00bbEspecificaciones\u00bb tab_id=\u00bb1511039749258-b5bdffc2-1d84&#8243;][vc_column_text]<\/p>\n<ul>\n<li>Dise\u00f1o \u00fanico y tama\u00f1o compacto compatible con el refrigerador.<\/li>\n<li>F\u00e1cil de manejar para reemplazo de filtros.<\/li>\n<li>Produce hasta 500 jarras de agua saludable.<\/li>\n<li>Tiene indicador de longevidad del filtro.<\/li>\n<li>S\u00f3lo debe usarse con agua embotellada o filtrada, no agua del grifo.<\/li>\n<li>Tiene un filtro Alka-UF<\/li>\n<li>Produce agua rica en ox\u00edgeno.<\/li>\n<\/ul>\n<p>[\/vc_column_text][\/vc_tta_section][vc_tta_section i_icon_fontawesome=\u00bbfa fa-thumbs-o-up\u00bb add_icon=\u00bbtrue\u00bb title=\u00bbBeneficios\u00bb tab_id=\u00bb1510117115236-69f46a4e-e73f3c7b-5052&#8243;][vc_column_text]<\/p>\n<ul>\n<li>Produce agua alcalina ionizada antioxidante y antibacterial.<\/li>\n<li>Aumenta el pH entre 8.5 a 9.5.<\/li>\n<li>Aumenta el ORP negativo que ayuda a retardar seriamente el proceso de envejecimiento.<\/li>\n<li>Adiciona minerales al agua que son necesarios para el organismo y la salud.<\/li>\n<li>Ayuda a minimizar las fluctuaciones de PH del cuerpo.<\/li>\n<li>Facilita el intercambio de ox\u00edgeno y nutrientes entre la sangre y los tejidos.<\/li>\n<li>Proporciona m\u00e1s energ\u00eda al organismo.<\/li>\n<li>Aumenta la capacidad de absorber vitaminas y minerales.<\/li>\n<li>Hidrata el organismo 6 veces m\u00e1s que el agua normal<\/li>\n<li>Su concentraci\u00f3n de calcio ayuda a mejorar la regeneraci\u00f3n \u00f3sea.<\/li>\n<li>Ayuda a controlar el reflujo acido.<\/li>\n<li>Ayuda a fortalecer el sistema inmunol\u00f3gico.<\/li>\n<li>Impulsa a un mejor funcionamiento del metabolismo.<\/li>\n<\/ul>\n<p>[\/vc_column_text][\/vc_tta_section][vc_tta_section i_icon_fontawesome=\u00bbfa fa-exclamation-triangle\u00bb add_icon=\u00bbtrue\u00bb title=\u00bbPrecauciones\u00bb tab_id=\u00bb1510704710723-d855500b-6f15&#8243;][vc_column_text]<\/p>\n<ul>\n<li>La jarra Naturife s\u00f3lo se debe llenar con agua FR\u00cdA &#8211; NO LLENAR LA JARRA CON AGUA CALIENTE (MAX 85\u00b0 F \/ 30\u00b0 C.)<\/li>\n<li>Despu\u00e9s de drenar el agua de la jarra, a\u00f1adir m\u00e1s agua de inmediato para mantener el cartucho de filtro h\u00famedo.<\/li>\n<li>Si el cartucho de filtro se seca, es necesario poner en remojo antes de ser usado.<\/li>\n<li>Si el cartucho de filtro se seca demasiado ser\u00e1 necesario reemplazarlo<\/li>\n<li>Deje que el agua se filtre completamente antes de verter o rellenar el dep\u00f3sito.<\/li>\n<li>Mantenga el agua filtrada refrigerada en todo momento. Si no hay uso de agua filtrada durante tres o cuatro d\u00edas, reemplazar el agua no utilizada con agua fresca.<\/li>\n<li>Para mantener el equipo limpio e higi\u00e9nico es importante lavar con regularidad todas las partes excepto el cartucho.<\/li>\n<li>No use lavavajillas para limpiar la jarra, el dep\u00f3sito y la tapa.<\/li>\n<\/ul>\n<p>[\/vc_column_text][\/vc_tta_section][vc_tta_section i_icon_fontawesome=\u00bbfa fa-file-text-o\u00bb add_icon=\u00bbtrue\u00bb title=\u00bbInstrucciones de Uso\u00bb tab_id=\u00bb1511039921663-5813ee8f-771d\u00bb][vc_column_text]<\/p>\n<ul>\n<li>L\u00e1vese las manos con agua y jab\u00f3n, y luego retire el filtro de la bolsa de filtro.<\/li>\n<li>Remoje el filtro con agua fr\u00eda durante 15 minutos. Aseg\u00farese que cubra completamente el filtro.<\/li>\n<li>Lave la jarra y los compartimientos a mano con agua y jab\u00f3n l\u00edquido suave.<\/li>\n<li>Mantenga el filtro con agua fr\u00eda durante 40 a 50 segundos hasta que el agua salga clara a trav\u00e9s del filtro.<\/li>\n<li>Inserte el filtro en el dep\u00f3sito.<\/li>\n<li>Llene la jarra con agua embotellada. Deseche los dos primeros lotes de agua filtrada. Despu\u00e9s rellenar y utilizar.<\/li>\n<li>Debe lavar el cartucho de filtro en forma regular para garantizar un rendimiento \u00f3ptimo.<\/li>\n<\/ul>\n<p>[\/vc_column_text][\/vc_tta_section][\/vc_tta_tabs][\/vc_column][\/vc_row]<\/p>\n<\/div>","protected":false},"excerpt":{"rendered":"<p>[vc_row][vc_column width=\u00bb1\/2&#8243;][vc_single_image image=\u00bb5492&#8243; img_size=\u00bbfull\u00bb][\/vc_column][vc_column width=\u00bb1\/2&#8243;][vc_column_text] Naturife Alkaline Pitcher La jarra NATURIFE ofrece una forma c\u00f3moda y port\u00e1til de producir agua saludable. Al a\u00f1adirle agua embotellada, cuando \u00e9sta hace contacto con las bolas de cer\u00e1micas, instant\u00e1neamente comienza a revitalizase mediante la adici\u00f3n de minerales esenciales que fueron eliminados durante el proceso de purificaci\u00f3n. La jarra NATURIFE<a class=\"read-more\" href=\"http:\/\/dellavitawater.com\/es\/naturife-alkaline-pitcher\/\">Continue reading <i class=\"fa fa-angle-right fa-lg\"><\/i><\/a><\/p>\n","protected":false},"author":1,"featured_media":0,"parent":0,"menu_order":0,"comment_status":"closed","ping_status":"closed","template":"","meta":{"footnotes":""},"class_list":["post-5285","page","type-page","status-publish","hentry"],"_links":{"self":[{"href":"http:\/\/dellavitawater.com\/es\/wp-json\/wp\/v2\/pages\/5285","targetHints":{"allow":["GET"]}}],"collection":[{"href":"http:\/\/dellavitawater.com\/es\/wp-json\/wp\/v2\/pages"}],"about":[{"href":"http:\/\/dellavitawater.com\/es\/wp-json\/wp\/v2\/types\/page"}],"author":[{"embeddable":true,"href":"http:\/\/dellavitawater.com\/es\/wp-json\/wp\/v2\/users\/1"}],"replies":[{"embeddable":true,"href":"http:\/\/dellavitawater.com\/es\/wp-json\/wp\/v2\/comments?post=5285"}],"version-history":[{"count":9,"href":"http:\/\/dellavitawater.com\/es\/wp-json\/wp\/v2\/pages\/5285\/revisions"}],"predecessor-version":[{"id":5643,"href":"http:\/\/dellavitawater.com\/es\/wp-json\/wp\/v2\/pages\/5285\/revisions\/5643"}],"wp:attachment":[{"href":"http:\/\/dellavitawater.com\/es\/wp-json\/wp\/v2\/media?parent=5285"}],"curies":[{"name":"wp","href":"https:\/\/api.w.org\/{rel}","templated":true}]}}