{"id":5283,"date":"2017-11-06T04:02:58","date_gmt":"2017-11-06T04:02:58","guid":{"rendered":"http:\/\/dellavitawater.com\/site\/?page_id=5283"},"modified":"2017-11-18T21:28:36","modified_gmt":"2017-11-18T21:28:36","slug":"frigovita","status":"publish","type":"page","link":"http:\/\/dellavitawater.com\/es\/frigovita\/","title":{"rendered":"Frigovita"},"content":{"rendered":"<div class=\"wpb-content-wrapper\"><p>[vc_row][vc_column width=\u00bb1\/2&#8243;][vc_single_image image=\u00bb5465&#8243; img_size=\u00bbfull\u00bb][\/vc_column][vc_column width=\u00bb1\/2&#8243;][vc_column_text]<\/p>\n<h2>Frigovita<\/h2>\n<p>Filtro para el refrigerador &#8211; Genera agua alcalina con pH entre 8 y 9.5, dura un a\u00f1o o hasta 1.500 galones. No es necesario cambiar el filtro existente.<\/p>\n<p>[\/vc_column_text][\/vc_column][\/vc_row][vc_row][vc_column][vc_tta_tabs color=\u00bbwhite\u00bb active_section=\u00bb1&#8243;][vc_tta_section i_icon_fontawesome=\u00bbfa fa-book\u00bb add_icon=\u00bbtrue\u00bb title=\u00bbEspecificaciones\u00bb tab_id=\u00bb1511039387837-dd62d811-8407&#8243;][vc_column_text]<\/p>\n<ul>\n<li>Sistema de 2 etapas.<\/li>\n<li>Incluye accesorios y soportes necesarios para la instalaci\u00f3n.<\/li>\n<li>F\u00e1cil y r\u00e1pido de instalar con un m\u00ednimo de herramientas y habilidades.<\/li>\n<li>Los filtros duran hasta 1 a\u00f1o o 1,500 galones dependiendo del uso y calidad del agua.<\/li>\n<li>No se requiere cambiar el filtro del refrigerador ya existente.<\/li>\n<\/ul>\n<p>[\/vc_column_text][\/vc_tta_section][vc_tta_section i_icon_fontawesome=\u00bbfa fa-thumbs-o-up\u00bb add_icon=\u00bbtrue\u00bb title=\u00bbBeneficios\u00bb tab_id=\u00bb1510117115236-69f46a4e-e73f9069-1a41&#8243;][vc_column_text]<\/p>\n<ul>\n<li>Ayuda a minimizar las fluctuaciones de PH del cuerpo.<\/li>\n<li>Su alto poder antioxidante (ORP negativo) ayuda a retardar seriamente el proceso de envejecimiento<\/li>\n<li>Facilita el intercambio de ox\u00edgeno y nutrientes entre la sangre y los tejidos.<\/li>\n<li>Proporciona m\u00e1s energ\u00eda al organismo.<\/li>\n<li>Aumenta la capacidad de absorber vitaminas y minerales.<\/li>\n<li>Hidrata el organismo 6 veces m\u00e1s que el agua normal.<\/li>\n<li>La alta capacidad de calcio ayuda a mejorar la regeneraci\u00f3n \u00f3sea.<\/li>\n<li>Ayuda a controlar el reflujo acido.<\/li>\n<li>Ayuda a eliminar los radicales libres del organismo<\/li>\n<li>Impulsa a un mejor funcionamiento del metabolismo.<\/li>\n<li>Ayuda a fortalecer el sistema inmunol\u00f3gico.<\/li>\n<li>Energiza el agua con peque\u00f1os grupos de estructuras moleculares ayudando a que los nutrientes y el ox\u00edgeno sean absorbidos con mayor facilidad por las c\u00e9lulas del cuerpo.<\/li>\n<li>Es apta para beber, cocinar, lavar los alimentos y para cultivos hidrop\u00f3nicos.<\/li>\n<\/ul>\n<p>[\/vc_column_text][\/vc_tta_section][vc_tta_section i_icon_fontawesome=\u00bbfa fa-sticky-note-o\u00bb add_icon=\u00bbtrue\u00bb title=\u00bbDescripci\u00f3n\u00bb tab_id=\u00bb1510704602179-b9c95b46-c2ea\u00bb][vc_column_text]<strong>ETAPA # 1 \u2013 GAC CARB\u00d3N GRANULADO COCO<\/strong><\/p>\n<ul>\n<li>Proporciona un mejor sabor al agua. Elimina los olores colores, sabores y la turbidez del agua purificada.<\/li>\n<li>Reduce hasta un 98% el cloro.Elimina efectivamente diversas bacterias (Alkaligenes, Pseudomonas y etc.).<\/li>\n<li>Elimina contaminante qu\u00edmicos org\u00e1nicos: Pesticidas, herbicidas insecticidas, etc.<\/li>\n<li>Elimina gases.<\/li>\n<li>Vida \u00fatil: Un a\u00f1o o 1500 galones.<\/li>\n<\/ul>\n<p><strong>ETAPA # 2 \u2013 FILTRO MINERAL<\/strong><\/p>\n<ul>\n<li>Este filtro contiene bolas minerales y bolas antibacteriales. Est\u00e1 dise\u00f1ado especialmente para:<\/li>\n<li>Aumentar el potencial de reducci\u00f3n de oxidaci\u00f3n (OPR) negativo en el agua.<\/li>\n<li>Incrementa los Iones de magnesio y calcio.<\/li>\n<li>Incrementa el PH en el agua en un rango de 8.0 a 9.5.<\/li>\n<li>Es un poderoso antibacterial<\/li>\n<li>Elimina el gas contenido en los minerales inorg\u00e1nicos.<\/li>\n<li>Vida \u00fatil, un a\u00f1o o 1500 galones<\/li>\n<\/ul>\n<p><strong>PRECAUCIONES<\/strong><\/p>\n<ul>\n<li>No instalar directamente agua caliente (M\u00e1s de 38 grados centigrados) a trav\u00e9s del filtro.<\/li>\n<li>Caudal m\u00e1ximo: 0.5Gal \/ min<\/li>\n<li>Presi\u00f3n m\u00e1xima: 125 psi<\/li>\n<\/ul>\n<p>[\/vc_column_text][\/vc_tta_section][vc_tta_section i_icon_fontawesome=\u00bbfa fa-check\u00bb add_icon=\u00bbtrue\u00bb title=\u00bbVentajas\u00bb tab_id=\u00bb1511039537179-91e9ad9d-8a67&#8243;][vc_column_text]<\/p>\n<ul>\n<li>Produce hielo y agua alcalina ionizada antioxidante y antibacterial.<\/li>\n<li>Aumenta el pH entre 8.5 a 9.5.<\/li>\n<li>Elimina el cloro y algunos metales pesados.<\/li>\n<li>Elimina la mayor parte de t\u00f3xicos y qu\u00edmicos.<\/li>\n<li>Aumenta el ORP negativo (Potencial de reducci\u00f3n de oxidaci\u00f3n).<\/li>\n<li>Adiciona minerales al agua que son necesarios para el funcionamiento del organismo y la salud.<\/li>\n<\/ul>\n<p>[\/vc_column_text][\/vc_tta_section][\/vc_tta_tabs][\/vc_column][\/vc_row]<\/p>\n<\/div>","protected":false},"excerpt":{"rendered":"<p>[vc_row][vc_column width=\u00bb1\/2&#8243;][vc_single_image image=\u00bb5465&#8243; img_size=\u00bbfull\u00bb][\/vc_column][vc_column width=\u00bb1\/2&#8243;][vc_column_text] Frigovita Filtro para el refrigerador &#8211; Genera agua alcalina con pH entre 8 y 9.5, dura un a\u00f1o o hasta 1.500 galones. No es necesario cambiar el filtro existente. [\/vc_column_text][\/vc_column][\/vc_row][vc_row][vc_column][vc_tta_tabs color=\u00bbwhite\u00bb active_section=\u00bb1&#8243;][vc_tta_section i_icon_fontawesome=\u00bbfa fa-book\u00bb add_icon=\u00bbtrue\u00bb title=\u00bbEspecificaciones\u00bb tab_id=\u00bb1511039387837-dd62d811-8407&#8243;][vc_column_text] Sistema de 2 etapas. Incluye accesorios y soportes necesarios para la instalaci\u00f3n. F\u00e1cil<a class=\"read-more\" href=\"http:\/\/dellavitawater.com\/es\/frigovita\/\">Continue reading <i class=\"fa fa-angle-right fa-lg\"><\/i><\/a><\/p>\n","protected":false},"author":1,"featured_media":0,"parent":0,"menu_order":0,"comment_status":"closed","ping_status":"closed","template":"","meta":{"footnotes":""},"class_list":["post-5283","page","type-page","status-publish","hentry"],"_links":{"self":[{"href":"http:\/\/dellavitawater.com\/es\/wp-json\/wp\/v2\/pages\/5283","targetHints":{"allow":["GET"]}}],"collection":[{"href":"http:\/\/dellavitawater.com\/es\/wp-json\/wp\/v2\/pages"}],"about":[{"href":"http:\/\/dellavitawater.com\/es\/wp-json\/wp\/v2\/types\/page"}],"author":[{"embeddable":true,"href":"http:\/\/dellavitawater.com\/es\/wp-json\/wp\/v2\/users\/1"}],"replies":[{"embeddable":true,"href":"http:\/\/dellavitawater.com\/es\/wp-json\/wp\/v2\/comments?post=5283"}],"version-history":[{"count":6,"href":"http:\/\/dellavitawater.com\/es\/wp-json\/wp\/v2\/pages\/5283\/revisions"}],"predecessor-version":[{"id":5631,"href":"http:\/\/dellavitawater.com\/es\/wp-json\/wp\/v2\/pages\/5283\/revisions\/5631"}],"wp:attachment":[{"href":"http:\/\/dellavitawater.com\/es\/wp-json\/wp\/v2\/media?parent=5283"}],"curies":[{"name":"wp","href":"https:\/\/api.w.org\/{rel}","templated":true}]}}