{"id":5281,"date":"2017-11-06T04:02:36","date_gmt":"2017-11-06T04:02:36","guid":{"rendered":"http:\/\/dellavitawater.com\/site\/?page_id=5281"},"modified":"2017-11-30T17:35:57","modified_gmt":"2017-11-30T17:35:57","slug":"ultravita-softener","status":"publish","type":"page","link":"http:\/\/dellavitawater.com\/es\/ultravita-softener\/","title":{"rendered":"Ultravita Softener"},"content":{"rendered":"<div class=\"wpb-content-wrapper\"><p>[vc_row][vc_column width=\u00bb1\/2&#8243;][vc_images_carousel images=\u00bb5494,5656,5657&#8243; img_size=\u00bbfull\u00bb][\/vc_column][vc_column width=\u00bb1\/2&#8243;][vc_column_text]<\/p>\n<h2>Ultravita Softener<\/h2>\n<p>Es un sistema de filtraci\u00f3n \u2013 suavizaci\u00f3n de agua que consta de 6 etapas, lo cual optimiza el proceso de filtraci\u00f3n.<\/p>\n<p>Est\u00e1 dise\u00f1ado especialmente para instalar en el punto de entrada (POE) de la casa. El agua que produce este sistema es deliciosa, no marchita a las plantas y es rica en ox\u00edgeno.<\/p>\n<p>Utiliza materiales no t\u00f3xicos, adecuados para producir agua potable de alta calidad libre de contaminantes.<\/p>\n<p>Los iones de calcio, iones de magnesio e iones de bicarbonatos en el agua no tratada, forman \u201cescamas\u201d en las paredes interiores de la tuber\u00eda, el exterior de los accesorios y en las superficies de calefacci\u00f3n. Por lo tanto, DELLAVITA LIFE WATER ha lanzado una soluci\u00f3n permanente y eficaz.[\/vc_column_text][\/vc_column][\/vc_row][vc_row][vc_column][vc_tta_tabs color=\u00bbwhite\u00bb active_section=\u00bb1&#8243;][vc_tta_section i_icon_fontawesome=\u00bbfa fa-book\u00bb add_icon=\u00bbtrue\u00bb title=\u00bbEspecificaciones\u00bb tab_id=\u00bb1511040034754-b319ecb5-e40a\u00bb][vc_column_text]<\/p>\n<ul>\n<li>Sistema de 6 etapas para optimizar el proceso de filtraci\u00f3n<\/li>\n<li>Dise\u00f1ado para ser instalado en el punto de entrada (POE) de toda la casa.<\/li>\n<li>Sistema econ\u00f3mico y de f\u00e1cil mantenimiento. La frecuencia de sustituci\u00f3n de filtros depender\u00e1 de la calidad del agua de cada zona.<\/li>\n<li>No usa energ\u00eda el\u00e9ctrica.<\/li>\n<\/ul>\n<p>[\/vc_column_text][\/vc_tta_section][vc_tta_section i_icon_fontawesome=\u00bbfa fa-thumbs-o-up\u00bb add_icon=\u00bbtrue\u00bb title=\u00bbBeneficios\u00bb tab_id=\u00bb1510117115236-69f46a4e-e73ff0a9-6ee6&#8243;][vc_column_text]<\/p>\n<ul>\n<li>No requiere del uso de sal ni de productos qu\u00edmicos para operar.<\/li>\n<li>Suaviza el agua dura.<\/li>\n<li>Elimina el cloro, y una gran cantidad de contaminantes qu\u00edmicos comunes muy da\u00f1inos tales como: subproductos de desinfecci\u00f3n y fertilizantes (Fosfatos y nitratos).<\/li>\n<li>Elimina contaminantes org\u00e1nicos, insecticidas tales como: el DDT y detergentes.<\/li>\n<li>Elimina la mayor\u00eda de metales pesados, tales como: Plomo, hierro, zinc, ars\u00e9nico, etc.<\/li>\n<li>Protege las tuber\u00edas y electrodom\u00e9sticos, de tinci\u00f3n corrosi\u00f3n, manchas y escamas.<\/li>\n<li>Alarga la vida \u00fatil de los electrodom\u00e9sticos que usan agua.<\/li>\n<li>No contamina el medio ambiente.<\/li>\n<li>Ahorra hasta un 60% de jab\u00f3n al lavar.<\/li>\n<li>Produce un suministro ininterrumpido de agua pura filtrada.<\/li>\n<\/ul>\n<p>[\/vc_column_text][\/vc_tta_section][vc_tta_section i_icon_fontawesome=\u00bbfa fa-sticky-note-o\u00bb add_icon=\u00bbtrue\u00bb title=\u00bbDescripci\u00f3n\u00bb tab_id=\u00bb1510704546669-64c233b8-260b\u00bb][vc_column_text]<strong>Primera etapa:<\/strong> Prefiltro de sedimento de 30 micrones:<\/p>\n<p>Pre filtra las part\u00edculas m\u00e1s grandes que 30 micrones.<\/p>\n<p><strong>Segunda Etapa:<\/strong> PP- sedimentos de 5 micrones (4.5 \u00abx 10\u00bb)<\/p>\n<p>Este filtro se encarga de eliminar part\u00edculas grandes de \u00f3xido, arena, suciedad, polvo y contaminantes que se encuentran en el agua municipal y las tuber\u00edas de toda su casa. Tiene un tiempo de duraci\u00f3n de 3 meses dependiendo de la calidad del agua.<\/p>\n<p><strong>Tercera Etapa:<\/strong> Estructura Magn\u00e9tica 12,800 Gauss<\/p>\n<p>La aplicaci\u00f3n de este s\u00faper potente campo magn\u00e9tico 12,800 Gauss, desintegra las agrupaciones de agua y las empuja a trav\u00e9s de los filtros haciendo aumentar la esterilizaci\u00f3n del agua.<\/p>\n<p><strong>Cuarta Etapa:<\/strong> GAC (Carb\u00f3n activado) m\u00e1s KDF (4.5 \u00abx 10\u00bb).<\/p>\n<p>Ofrece minerales beneficiosos, da una limpieza absoluta al agua y una apariencia muy cristalina, Elimina Cloro, metales pesados incluyendo ars\u00e9nico, cadmio, cobalto, cromo, cobre, mercurio, n\u00edquel, plomo, esta\u00f1o y cinc, hasta un 75%. Tambi\u00e9n elimina acumulaciones de calcio y mata las bacterias. El tiempo de duraci\u00f3n es de 6 meses dependiendo de la calidad del agua.<\/p>\n<p><strong>Quinta Etapa:<\/strong> El filtro de carb\u00f3n en Bloque (4,5 \u00abx 10\u00bb).<\/p>\n<p>Esta segunda filtraci\u00f3n con carbono es la definitiva para mejorar el sabor y el mal olor en el agua. Elimina el cloro restante, y materias org\u00e1nicas. El tiempo de duraci\u00f3n es de 6 meses dependiendo de la calidad del agua.<\/p>\n<p><strong>Sexta Etapa:<\/strong> PP &#8211; sedimentos de 1 micr\u00f3n (4.5 \u00abx 10\u00bb).<\/p>\n<p>Este filtro tiene poros suficientemente peque\u00f1os capaces de filtrar virus y part\u00edculas m\u00e1s peque\u00f1as presentes en el agua.<\/p>\n<p>El tiempo de duraci\u00f3n es de 3 meses dependiendo de la calidad del agua.<\/p>\n<p><strong>CONDICIONES DE TRABAJO<\/strong><\/p>\n<p>Presi\u00f3n m\u00e1xima de servicio: (145 psi) &#8211; Temperatura m\u00e1xima de trabajo: 48\u00b0 C (118\u00b0 F)<\/p>\n<p>Temperatura m\u00ednima de trabajo: 4\u00b0 C (39\u00b0 F)[\/vc_column_text][\/vc_tta_section][vc_tta_section i_icon_fontawesome=\u00bbfa fa-check\u00bb add_icon=\u00bbtrue\u00bb title=\u00bbVentajas\u00bb tab_id=\u00bb1511040099183-957ce7b6-562e\u00bb][vc_column_text]<\/p>\n<ul>\n<li>Es menos costoso que la mayor\u00eda de los filtros que venden para suavizar el agua para toda la casa.<\/li>\n<li>F\u00e1cil mantenimiento.<\/li>\n<li>Toda el agua que se consume en los puntos de uso (POU) es purificada por el sistema central.<\/li>\n<\/ul>\n<p>[\/vc_column_text][\/vc_tta_section][\/vc_tta_tabs][\/vc_column][\/vc_row]<\/p>\n<\/div>","protected":false},"excerpt":{"rendered":"<p>[vc_row][vc_column width=\u00bb1\/2&#8243;][vc_images_carousel images=\u00bb5494,5656,5657&#8243; img_size=\u00bbfull\u00bb][\/vc_column][vc_column width=\u00bb1\/2&#8243;][vc_column_text] Ultravita Softener Es un sistema de filtraci\u00f3n \u2013 suavizaci\u00f3n de agua que consta de 6 etapas, lo cual optimiza el proceso de filtraci\u00f3n. Est\u00e1 dise\u00f1ado especialmente para instalar en el punto de entrada (POE) de la casa. El agua que produce este sistema es deliciosa, no marchita a las plantas<a class=\"read-more\" href=\"http:\/\/dellavitawater.com\/es\/ultravita-softener\/\">Continue reading <i class=\"fa fa-angle-right fa-lg\"><\/i><\/a><\/p>\n","protected":false},"author":1,"featured_media":0,"parent":0,"menu_order":0,"comment_status":"closed","ping_status":"closed","template":"","meta":{"footnotes":""},"class_list":["post-5281","page","type-page","status-publish","hentry"],"_links":{"self":[{"href":"http:\/\/dellavitawater.com\/es\/wp-json\/wp\/v2\/pages\/5281","targetHints":{"allow":["GET"]}}],"collection":[{"href":"http:\/\/dellavitawater.com\/es\/wp-json\/wp\/v2\/pages"}],"about":[{"href":"http:\/\/dellavitawater.com\/es\/wp-json\/wp\/v2\/types\/page"}],"author":[{"embeddable":true,"href":"http:\/\/dellavitawater.com\/es\/wp-json\/wp\/v2\/users\/1"}],"replies":[{"embeddable":true,"href":"http:\/\/dellavitawater.com\/es\/wp-json\/wp\/v2\/comments?post=5281"}],"version-history":[{"count":9,"href":"http:\/\/dellavitawater.com\/es\/wp-json\/wp\/v2\/pages\/5281\/revisions"}],"predecessor-version":[{"id":5658,"href":"http:\/\/dellavitawater.com\/es\/wp-json\/wp\/v2\/pages\/5281\/revisions\/5658"}],"wp:attachment":[{"href":"http:\/\/dellavitawater.com\/es\/wp-json\/wp\/v2\/media?parent=5281"}],"curies":[{"name":"wp","href":"https:\/\/api.w.org\/{rel}","templated":true}]}}