{"id":5278,"date":"2017-11-06T04:01:27","date_gmt":"2017-11-06T04:01:27","guid":{"rendered":"http:\/\/dellavitawater.com\/site\/?page_id=5278"},"modified":"2017-11-30T17:37:22","modified_gmt":"2017-11-30T17:37:22","slug":"aquavita-ro","status":"publish","type":"page","link":"http:\/\/dellavitawater.com\/es\/aquavita-ro\/","title":{"rendered":"Aquavita RO"},"content":{"rendered":"<div class=\"wpb-content-wrapper\"><p>[vc_row][vc_column width=\u00bb1\/2&#8243;][vc_images_carousel images=\u00bb5496,5659,5660&#8243; img_size=\u00bbfull\u00bb][\/vc_column][vc_column width=\u00bb1\/2&#8243;][vc_column_text]<\/p>\n<h2>Aquavita RO<\/h2>\n<p>AQUAVITA &#8211; (\u00d3smosis Inversa) Sistema de 9 etapas que convierte el agua \u00e1cida en agua ionizada, antioxidante alcalina y antibacteriana. Elimina cloro, metales pesados, productos qu\u00edmicos t\u00f3xicos del agua. Aumenta el pH entre 8,5 y 9,5. Se ajusta perfectamente debajo del fregadero.[\/vc_column_text][\/vc_column][\/vc_row][vc_row][vc_column][vc_tta_tabs color=\u00bbwhite\u00bb active_section=\u00bb1&#8243;][vc_tta_section i_icon_fontawesome=\u00bbfa fa-book\u00bb add_icon=\u00bbtrue\u00bb title=\u00bbEspecificaciones\u00bb tab_id=\u00bb1510943470683-217aa0e5-32c2&#8243;][vc_column_text]<\/p>\n<ul>\n<li>Sistema de 9 pasos para mejorar la filtraci\u00f3n y calidad del agua.<\/li>\n<li>Produce hasta 75 galones por d\u00eda.<\/li>\n<li>Incluye tanque de presi\u00f3n de 3.2 galones.<\/li>\n<li>Grifo de lujo cuello de ganso, libre de plomo.<\/li>\n<li>Ideal para instalar debajo del fregadero.<\/li>\n<li>No ocupa mucho espacio.<\/li>\n<li>Apto para un hogar promedio de 8 personas.<\/li>\n<li>Elaborado con material de calidad alimentaria.<\/li>\n<\/ul>\n<p>[\/vc_column_text][\/vc_tta_section][vc_tta_section i_icon_fontawesome=\u00bbfa fa-thumbs-o-up\u00bb add_icon=\u00bbtrue\u00bb title=\u00bbBeneficios\u00bb tab_id=\u00bb1510117115236-69f46a4e-e73fa7b6-cead\u00bb][vc_column_text]<\/p>\n<ul>\n<li>Produce agua alcalina ionizada antioxidante y antibacterial.<\/li>\n<li>Aumenta el pH entre 8.5 a 9.5.<\/li>\n<li>Elimina cloro y metales pesados.<\/li>\n<li>Elimina la mayor parte de t\u00f3xicos y qu\u00edmicos.<\/li>\n<li>Reduce la radiaci\u00f3n.<\/li>\n<li>Aumenta el ORP negativo que ayuda a retardar seriamente el proceso de envejecimiento.<\/li>\n<li>Adiciona minerales al agua que son necesarios para el organismo y la salud.<\/li>\n<li>Ayuda a minimizar las fluctuaciones de PH del cuerpo.<\/li>\n<li>Facilita el intercambio de ox\u00edgeno y nutrientes entre la sangre y los tejidos.<\/li>\n<li>Proporciona m\u00e1s energ\u00eda al organismo.<\/li>\n<li>Aumenta la capacidad de absorber vitaminas y minerales.<\/li>\n<li>Hidrata el organismo 6 veces m\u00e1s que el agua normal<\/li>\n<li>La alta capacidad de calcio ayuda a mejorar la regeneraci\u00f3n \u00f3sea.<\/li>\n<li>Ayuda a controlar el reflujo acido.<\/li>\n<li>Ayuda a eliminar los radicales libres del organismo<\/li>\n<li>Impulsa a un mejor funcionamiento del metabolismo.<\/li>\n<\/ul>\n<p>[\/vc_column_text][\/vc_tta_section][vc_tta_section i_icon_fontawesome=\u00bbfa fa-sticky-note-o\u00bb add_icon=\u00bbtrue\u00bb title=\u00bbDescripci\u00f3n\u00bb tab_id=\u00bb1510704299523-4861901d-f09e\u00bb][vc_column_text]Etapa # 1 \u2013 PP &#8211; Sedimento, 5 Micrones, 10\u201dx2.5\u201d , elimina las part\u00edculas de \u00f3xido, arena, suciedad y polvo.<\/p>\n<p>Vida \u00fatil: 3 meses dependiendo de la calidad del agua.<\/p>\n<p>Etapa # 2 \u2013 GAC \u2013 Carb\u00f3n granulado de coco, 10 \u00abx 2,5\u00bb. Se deshace del cloro desagradable, absorbe y elimina los malos olores, sabores, colores y nubosidad. Elimina gran variedad de contaminantes org\u00e1nicos, pesticidas, herbicidas, insecticidas y muchos otros productos qu\u00edmicos.<\/p>\n<p>Vida \u00fatil: 6 meses dependiendo de la calidad del agua.<\/p>\n<p>Etapa # 3 \u2013 CTO Carb\u00f3n en bloque de coco, 10 \u00abx 2,5\u00bb. Elimina el cloro restante, mal sabor, malos olores, y materia org\u00e1nica. Vida \u00fatil: 6 meses dependiendo de la calidad del agua.<\/p>\n<p>Etapa # 4 \u2013 Membrana de \u00f3smosis inversa de 0.0001 Micras. Es el coraz\u00f3n del sistema. Reduce bacterias, metales pesados, plomo, cobre, bario, cromo, mercurio, cadmio, fluoruro, nitrito, nitrato y selenio.<\/p>\n<p>Reduce los s\u00f3lidos disueltos. Produce agua potable a raz\u00f3n de 75 galones por d\u00eda.<\/p>\n<p>Su vida \u00fatil es de 2 a\u00f1os.<\/p>\n<p>Etapa # 5 \u2013 Minerales en bolas (Cer\u00e1micas). Proporciona minerales al agua esenciales para el funcionamiento del organismo. Vida \u00fatil: 6 meses.<\/p>\n<p>Etapa # 6 \u2013 Minerales en piedras. Incrementa minerales de gran importancia para los seres vivos, tales como el calcio, magnesio, potasio y sodio. Vida \u00fatil: 6 meses.<\/p>\n<p>Etapa # 7 \u2013 L\u00e1mpara de ultravioleta de acero inoxidable. Mata bacterias, E. coli, coliformes, virus y otros microorganismos, al interferir con el ADN y el ARN en los ciclos reproductivos de los organismos.<\/p>\n<p>Etapa # 8 \u2013 Filtro alcalino. Mejora la alcalinidad en el agua pura. Proporciona abundante hidr\u00f3geno activo.<\/p>\n<p>Aumenta el OPR (Poder de Reducci\u00f3n de Oxidaci\u00f3n) entre (-150 mv y -250 mv). Aumenta el pH en un rango de 8.5 a 9.5. Vida \u00fatil: 6 meses.<\/p>\n<p>Etapa # 9 \u2013 TCR \u2013 Post carb\u00f3n. Elimina los malos sabores y olores residuales. Proporciona mejor sabor al agua. Vida \u00fatil: 6 meses.<\/p>\n<p>Tanque presurizado: Capacidad de almacenamiento es de 3.2 galones. No mal olor. Elaborado con materiales de calidad alimentaria. Vida \u00fatil: 2 a\u00f1os.<\/p>\n<p>Grifo de lujo cuello de ganso tipo europeo. Libre de Plomo. Cepillado y acabado en n\u00edquel.<\/p>\n<p>Mangueras y tubos elaborados con materiales de calidad alimentaria.<\/p>\n<p>V\u00e1lvula de cierre (Apaga el sistema de forma autom\u00e1tica cuando el tanque de almacenamiento est\u00e1 lleno).[\/vc_column_text][\/vc_tta_section][\/vc_tta_tabs][\/vc_column][\/vc_row]<\/p>\n<\/div>","protected":false},"excerpt":{"rendered":"<p>[vc_row][vc_column width=\u00bb1\/2&#8243;][vc_images_carousel images=\u00bb5496,5659,5660&#8243; img_size=\u00bbfull\u00bb][\/vc_column][vc_column width=\u00bb1\/2&#8243;][vc_column_text] Aquavita RO AQUAVITA &#8211; (\u00d3smosis Inversa) Sistema de 9 etapas que convierte el agua \u00e1cida en agua ionizada, antioxidante alcalina y antibacteriana. Elimina cloro, metales pesados, productos qu\u00edmicos t\u00f3xicos del agua. Aumenta el pH entre 8,5 y 9,5. Se ajusta perfectamente debajo del fregadero.[\/vc_column_text][\/vc_column][\/vc_row][vc_row][vc_column][vc_tta_tabs color=\u00bbwhite\u00bb active_section=\u00bb1&#8243;][vc_tta_section i_icon_fontawesome=\u00bbfa fa-book\u00bb add_icon=\u00bbtrue\u00bb title=\u00bbEspecificaciones\u00bb<a class=\"read-more\" href=\"http:\/\/dellavitawater.com\/es\/aquavita-ro\/\">Continue reading <i class=\"fa fa-angle-right fa-lg\"><\/i><\/a><\/p>\n","protected":false},"author":1,"featured_media":0,"parent":0,"menu_order":0,"comment_status":"closed","ping_status":"closed","template":"","meta":{"footnotes":""},"class_list":["post-5278","page","type-page","status-publish","hentry"],"_links":{"self":[{"href":"http:\/\/dellavitawater.com\/es\/wp-json\/wp\/v2\/pages\/5278","targetHints":{"allow":["GET"]}}],"collection":[{"href":"http:\/\/dellavitawater.com\/es\/wp-json\/wp\/v2\/pages"}],"about":[{"href":"http:\/\/dellavitawater.com\/es\/wp-json\/wp\/v2\/types\/page"}],"author":[{"embeddable":true,"href":"http:\/\/dellavitawater.com\/es\/wp-json\/wp\/v2\/users\/1"}],"replies":[{"embeddable":true,"href":"http:\/\/dellavitawater.com\/es\/wp-json\/wp\/v2\/comments?post=5278"}],"version-history":[{"count":11,"href":"http:\/\/dellavitawater.com\/es\/wp-json\/wp\/v2\/pages\/5278\/revisions"}],"predecessor-version":[{"id":5661,"href":"http:\/\/dellavitawater.com\/es\/wp-json\/wp\/v2\/pages\/5278\/revisions\/5661"}],"wp:attachment":[{"href":"http:\/\/dellavitawater.com\/es\/wp-json\/wp\/v2\/media?parent=5278"}],"curies":[{"name":"wp","href":"https:\/\/api.w.org\/{rel}","templated":true}]}}