{"id":5272,"date":"2017-11-06T03:57:50","date_gmt":"2017-11-06T03:57:50","guid":{"rendered":"http:\/\/dellavitawater.com\/site\/?page_id=5272"},"modified":"2017-11-17T16:20:05","modified_gmt":"2017-11-17T16:20:05","slug":"factores","status":"publish","type":"page","link":"http:\/\/dellavitawater.com\/es\/factores\/","title":{"rendered":"Informaci\u00f3n sobre el agua ionizada alcalina"},"content":{"rendered":"<p><img loading=\"lazy\" decoding=\"async\" class=\"alignleft size-full wp-image-5507\" src=\"http:\/\/dellavitawater.com\/site\/wp-content\/uploads\/2017\/11\/4.jpg\" alt=\"\" width=\"1200\" height=\"350\" srcset=\"http:\/\/dellavitawater.com\/es\/wp-content\/uploads\/2017\/11\/4.jpg 1200w, http:\/\/dellavitawater.com\/es\/wp-content\/uploads\/2017\/11\/4-300x88.jpg 300w, http:\/\/dellavitawater.com\/es\/wp-content\/uploads\/2017\/11\/4-768x224.jpg 768w, http:\/\/dellavitawater.com\/es\/wp-content\/uploads\/2017\/11\/4-1024x299.jpg 1024w\" sizes=\"auto, (max-width: 1200px) 100vw, 1200px\" \/><\/p>\n<ul>\n<li>Los ambientes alcalinos inhiben el crecimiento de radicales libres. El aumento resultante en radicales libres puede alterar las membranas celulares, aumentar el riesgo de muchas formas de c\u00e1ncer y da\u00f1ar el revestimiento interior de los vasos sangu\u00edneos, lo que aumenta el riesgo de enfermedad card\u00edaca y accidente cerebrovascular.<\/li>\n<li>Aumenta el pH de tu cuerpo. La investigaci\u00f3n muestra que a menos que el nivel de pH del cuerpo sea ligeramente alcalino, el cuerpo no puede curarse a s\u00ed mismo. Si el pH de su cuerpo no est\u00e1 equilibrado, no puede asimilar de manera efectiva las vitaminas, los minerales y los complementos alimenticios. El pH de tu cuerpo afecta todo.<\/li>\n<li>Las mol\u00e9culas de agua m\u00e1s peque\u00f1as significan una mejor hidrataci\u00f3n. Las mol\u00e9culas de agua vienen en grupos en lugar de mol\u00e9culas individuales. El agua del grifo tiene racimos muy grandes de 12-14 mol\u00e9culas. El proceso de ionizaci\u00f3n rompe la uni\u00f3n el\u00e9ctrica de las mol\u00e9culas de agua y reestructura el agua hasta aproximadamente 5-6 mol\u00e9culas por grupo. Este tama\u00f1o m\u00e1s peque\u00f1o del racimo significa que el agua se puede absorber m\u00e1s f\u00e1cilmente en las c\u00e9lulas, lo que proporciona una hidrataci\u00f3n superior para el cuerpo y ayuda a disolver y eliminar los desechos s\u00f3lidos \u00e1cidos y las toxinas que se han acumulado en el cuerpo.<\/li>\n<\/ul>\n","protected":false},"excerpt":{"rendered":"<p>Los ambientes alcalinos inhiben el crecimiento de radicales libres. El aumento resultante en radicales libres puede alterar las membranas celulares, aumentar el riesgo de muchas formas de c\u00e1ncer y da\u00f1ar el revestimiento interior de los vasos sangu\u00edneos, lo que aumenta el riesgo de enfermedad card\u00edaca y accidente cerebrovascular. Aumenta el pH de tu cuerpo. La<a class=\"read-more\" href=\"http:\/\/dellavitawater.com\/es\/factores\/\">Continue reading <i class=\"fa fa-angle-right fa-lg\"><\/i><\/a><\/p>\n","protected":false},"author":1,"featured_media":0,"parent":0,"menu_order":0,"comment_status":"closed","ping_status":"closed","template":"","meta":{"footnotes":""},"class_list":["post-5272","page","type-page","status-publish","hentry"],"_links":{"self":[{"href":"http:\/\/dellavitawater.com\/es\/wp-json\/wp\/v2\/pages\/5272","targetHints":{"allow":["GET"]}}],"collection":[{"href":"http:\/\/dellavitawater.com\/es\/wp-json\/wp\/v2\/pages"}],"about":[{"href":"http:\/\/dellavitawater.com\/es\/wp-json\/wp\/v2\/types\/page"}],"author":[{"embeddable":true,"href":"http:\/\/dellavitawater.com\/es\/wp-json\/wp\/v2\/users\/1"}],"replies":[{"embeddable":true,"href":"http:\/\/dellavitawater.com\/es\/wp-json\/wp\/v2\/comments?post=5272"}],"version-history":[{"count":8,"href":"http:\/\/dellavitawater.com\/es\/wp-json\/wp\/v2\/pages\/5272\/revisions"}],"predecessor-version":[{"id":5606,"href":"http:\/\/dellavitawater.com\/es\/wp-json\/wp\/v2\/pages\/5272\/revisions\/5606"}],"wp:attachment":[{"href":"http:\/\/dellavitawater.com\/es\/wp-json\/wp\/v2\/media?parent=5272"}],"curies":[{"name":"wp","href":"https:\/\/api.w.org\/{rel}","templated":true}]}}