{"id":5270,"date":"2017-11-06T03:57:33","date_gmt":"2017-11-06T03:57:33","guid":{"rendered":"http:\/\/dellavitawater.com\/site\/?page_id=5270"},"modified":"2017-11-17T16:17:05","modified_gmt":"2017-11-17T16:17:05","slug":"ph","status":"publish","type":"page","link":"http:\/\/dellavitawater.com\/es\/ph\/","title":{"rendered":"\u00bfPor qu\u00e9 un pH equilibrado?"},"content":{"rendered":"<p><img loading=\"lazy\" decoding=\"async\" class=\"alignleft size-full wp-image-5504\" src=\"http:\/\/dellavitawater.com\/site\/wp-content\/uploads\/2017\/11\/3.jpg\" alt=\"\" width=\"1200\" height=\"350\" srcset=\"http:\/\/dellavitawater.com\/es\/wp-content\/uploads\/2017\/11\/3.jpg 1200w, http:\/\/dellavitawater.com\/es\/wp-content\/uploads\/2017\/11\/3-300x88.jpg 300w, http:\/\/dellavitawater.com\/es\/wp-content\/uploads\/2017\/11\/3-768x224.jpg 768w, http:\/\/dellavitawater.com\/es\/wp-content\/uploads\/2017\/11\/3-1024x299.jpg 1024w\" sizes=\"auto, (max-width: 1200px) 100vw, 1200px\" \/><\/p>\n<p>Mantener un pH ligeramente alcalino es importante para prevenir la enfermedad. Para sobrevivir, nuestro cuerpo debe mantener el pH muy cerca de 7.4. Si el pH de su cuerpo var\u00eda demasiado de este ideal, se vuelve dif\u00edcil que varias enzimas funcionen correctamente. Adem\u00e1s, miles de millones de c\u00e9lulas en nuestro cuerpo deben mantener la alcalinidad para funcionar correctamente.<\/p>\n<p>Equilibrar el pH es un paso importante hacia el bienestar y la salud. La acidez excesiva, incluso se ha relacionado con la formaci\u00f3n de c\u00e1ncer, enfermedades card\u00edacas, diabetes y osteoporosis.<\/p>\n","protected":false},"excerpt":{"rendered":"<p>Mantener un pH ligeramente alcalino es importante para prevenir la enfermedad. Para sobrevivir, nuestro cuerpo debe mantener el pH muy cerca de 7.4. Si el pH de su cuerpo var\u00eda demasiado de este ideal, se vuelve dif\u00edcil que varias enzimas funcionen correctamente. Adem\u00e1s, miles de millones de c\u00e9lulas en nuestro cuerpo deben mantener la alcalinidad<a class=\"read-more\" href=\"http:\/\/dellavitawater.com\/es\/ph\/\">Continue reading <i class=\"fa fa-angle-right fa-lg\"><\/i><\/a><\/p>\n","protected":false},"author":1,"featured_media":0,"parent":0,"menu_order":0,"comment_status":"closed","ping_status":"closed","template":"","meta":{"footnotes":""},"class_list":["post-5270","page","type-page","status-publish","hentry"],"_links":{"self":[{"href":"http:\/\/dellavitawater.com\/es\/wp-json\/wp\/v2\/pages\/5270","targetHints":{"allow":["GET"]}}],"collection":[{"href":"http:\/\/dellavitawater.com\/es\/wp-json\/wp\/v2\/pages"}],"about":[{"href":"http:\/\/dellavitawater.com\/es\/wp-json\/wp\/v2\/types\/page"}],"author":[{"embeddable":true,"href":"http:\/\/dellavitawater.com\/es\/wp-json\/wp\/v2\/users\/1"}],"replies":[{"embeddable":true,"href":"http:\/\/dellavitawater.com\/es\/wp-json\/wp\/v2\/comments?post=5270"}],"version-history":[{"count":6,"href":"http:\/\/dellavitawater.com\/es\/wp-json\/wp\/v2\/pages\/5270\/revisions"}],"predecessor-version":[{"id":5602,"href":"http:\/\/dellavitawater.com\/es\/wp-json\/wp\/v2\/pages\/5270\/revisions\/5602"}],"wp:attachment":[{"href":"http:\/\/dellavitawater.com\/es\/wp-json\/wp\/v2\/media?parent=5270"}],"curies":[{"name":"wp","href":"https:\/\/api.w.org\/{rel}","templated":true}]}}