{"id":5268,"date":"2017-11-06T03:57:12","date_gmt":"2017-11-06T03:57:12","guid":{"rendered":"http:\/\/dellavitawater.com\/site\/?page_id=5268"},"modified":"2017-11-20T21:37:48","modified_gmt":"2017-11-20T21:37:48","slug":"agua-alcalina","status":"publish","type":"page","link":"http:\/\/dellavitawater.com\/es\/agua-alcalina\/","title":{"rendered":"\u00bfPor Qu\u00e9 Agua Ionizada Alcalina?"},"content":{"rendered":"<p><img loading=\"lazy\" decoding=\"async\" class=\"alignleft size-full wp-image-5502\" src=\"http:\/\/dellavitawater.com\/site\/wp-content\/uploads\/2017\/11\/2.jpg\" alt=\"\" width=\"1200\" height=\"350\" srcset=\"http:\/\/dellavitawater.com\/es\/wp-content\/uploads\/2017\/11\/2.jpg 1200w, http:\/\/dellavitawater.com\/es\/wp-content\/uploads\/2017\/11\/2-300x88.jpg 300w, http:\/\/dellavitawater.com\/es\/wp-content\/uploads\/2017\/11\/2-768x224.jpg 768w, http:\/\/dellavitawater.com\/es\/wp-content\/uploads\/2017\/11\/2-1024x299.jpg 1024w\" sizes=\"auto, (max-width: 1200px) 100vw, 1200px\" \/><\/p>\n<p>Los beneficios para la salud de beber agua alcalina son numerosos y notables.<\/p>\n<ol>\n<li><strong>Desintoxicaci\u00f3n<br \/>\n<\/strong>Ayuda a eliminar los productos de desecho \u00e1cidos acumulados diariamente. Adem\u00e1s, elimina las toxinas del medio ambiente que se acumulan en el cuerpo, medicamentos recetados, alimentos artificiales y del proceso normal de envejecimiento.<\/li>\n<\/ol>\n<ol start=\"2\">\n<li><strong>Hidrataci\u00f3n<br \/>\n<\/strong>Durante la ionizaci\u00f3n, el filtro de agua alcalina convierte el agua del grifo en micro racimos que se absorben m\u00e1s f\u00e1cilmente en los niveles celulares, lo que hidrata su cuerpo. El agua alcalina es s\u00faper hidratante y energizante como resultado del filtrado de electr\u00f3lisis. El agua alcalina ionizada se filtra e ioniza, eliminando los contaminantes da\u00f1inos y dejando solo los minerales vitales como el calcio y el magnesio.<\/li>\n<\/ol>\n<ol start=\"3\">\n<li><strong>Oxigenaci\u00f3n \/ Antioxidante<br \/>\n<\/strong>Un pH alcalino m\u00e1s alto act\u00faa como un antioxidante, eliminando y neutralizando los radicales libres da\u00f1inos. Del mismo modo, el agua alcalina ionizada busca radicales libres y los convierte en ox\u00edgeno que su cuerpo puede usar para la producci\u00f3n de energ\u00eda y la oxigenaci\u00f3n de los tejidos. Las c\u00e9lulas cancerosas y la mayor\u00eda de las otras enfermedades no pueden sobrevivir en un ambiente oxigenado y alcalino.<\/li>\n<\/ol>\n<ol start=\"4\">\n<li><strong>Alcaliniza el pH del cuerpo<br \/>\n<\/strong>Los seres humanos requieren un nivel de pH estrictamente controlado en el rango de aproximadamente 7.30 &#8211; 7.5 para sobrevivir. Debido a que la alcalinidad es el estado ideal de las personas sanas, beber agua alcalina ayuda a restablecer el equilibrio de pH adecuado del cuerpo, lo que conduce a un aumento de energ\u00eda y bienestar.<\/li>\n<\/ol>\n<ol start=\"5\">\n<li><strong>Aumenta el sistema inmune<br \/>\n<\/strong>Al beber agua alcalina ionizada, el cuerpo puede normalizar sus niveles de pH y por lo tanto aumentar la efectividad del sistema inmune, as\u00ed como la capacidad del cuerpo para prevenir y combatir las enfermedades.<\/li>\n<\/ol>\n","protected":false},"excerpt":{"rendered":"<p>Los beneficios para la salud de beber agua alcalina son numerosos y notables. Desintoxicaci\u00f3n Ayuda a eliminar los productos de desecho \u00e1cidos acumulados diariamente. Adem\u00e1s, elimina las toxinas del medio ambiente que se acumulan en el cuerpo, medicamentos recetados, alimentos artificiales y del proceso normal de envejecimiento. Hidrataci\u00f3n Durante la ionizaci\u00f3n, el filtro de agua<a class=\"read-more\" href=\"http:\/\/dellavitawater.com\/es\/agua-alcalina\/\">Continue reading <i class=\"fa fa-angle-right fa-lg\"><\/i><\/a><\/p>\n","protected":false},"author":1,"featured_media":0,"parent":0,"menu_order":0,"comment_status":"closed","ping_status":"closed","template":"","meta":{"footnotes":""},"class_list":["post-5268","page","type-page","status-publish","hentry"],"_links":{"self":[{"href":"http:\/\/dellavitawater.com\/es\/wp-json\/wp\/v2\/pages\/5268","targetHints":{"allow":["GET"]}}],"collection":[{"href":"http:\/\/dellavitawater.com\/es\/wp-json\/wp\/v2\/pages"}],"about":[{"href":"http:\/\/dellavitawater.com\/es\/wp-json\/wp\/v2\/types\/page"}],"author":[{"embeddable":true,"href":"http:\/\/dellavitawater.com\/es\/wp-json\/wp\/v2\/users\/1"}],"replies":[{"embeddable":true,"href":"http:\/\/dellavitawater.com\/es\/wp-json\/wp\/v2\/comments?post=5268"}],"version-history":[{"count":7,"href":"http:\/\/dellavitawater.com\/es\/wp-json\/wp\/v2\/pages\/5268\/revisions"}],"predecessor-version":[{"id":5601,"href":"http:\/\/dellavitawater.com\/es\/wp-json\/wp\/v2\/pages\/5268\/revisions\/5601"}],"wp:attachment":[{"href":"http:\/\/dellavitawater.com\/es\/wp-json\/wp\/v2\/media?parent=5268"}],"curies":[{"name":"wp","href":"https:\/\/api.w.org\/{rel}","templated":true}]}}