{"id":5263,"date":"2017-10-24T18:29:27","date_gmt":"2017-10-24T18:29:27","guid":{"rendered":"http:\/\/dellavitawater.com\/site\/?page_id=5263"},"modified":"2017-11-17T16:13:16","modified_gmt":"2017-11-17T16:13:16","slug":"agua-potable","status":"publish","type":"page","link":"http:\/\/dellavitawater.com\/es\/agua-potable\/","title":{"rendered":"Agua Potable"},"content":{"rendered":"<p>&nbsp;<\/p>\n<p><img loading=\"lazy\" decoding=\"async\" class=\"alignleft wp-image-5500 size-full\" src=\"http:\/\/dellavitawater.com\/site\/wp-content\/uploads\/2017\/10\/one.jpg\" alt=\"\" width=\"1200\" height=\"350\" srcset=\"http:\/\/dellavitawater.com\/es\/wp-content\/uploads\/2017\/10\/one.jpg 1200w, http:\/\/dellavitawater.com\/es\/wp-content\/uploads\/2017\/10\/one-300x88.jpg 300w, http:\/\/dellavitawater.com\/es\/wp-content\/uploads\/2017\/10\/one-768x224.jpg 768w, http:\/\/dellavitawater.com\/es\/wp-content\/uploads\/2017\/10\/one-1024x299.jpg 1024w\" sizes=\"auto, (max-width: 1200px) 100vw, 1200px\" \/><\/p>\n<p>Si su prioridad es la salud y el bienestar de su familia, el agua que usted consume debe tener al menos las siguientes cualidades:<\/p>\n<ol>\n<li>Libre de contaminantes. A veces, el agua del grifo est\u00e1 llena de toxinas insalubres que incluyen sustancias qu\u00edmicas sint\u00e9ticas, metales pesados, bacterias y virus, sustancias radiactivas, as\u00ed como otros aditivos de tratamiento como el cloro y el fl\u00faor.<\/li>\n<li>Rica en minerales. Los minerales naturales que se encuentran en el agua de origen no se eliminan mediante procesos de purificaci\u00f3n como el de \u00f3smosis inversa o la destilaci\u00f3n.<\/li>\n<li>pH alcalino. El agua potable debe tener un pH alcalino entre 7.2 y 9.5.<\/li>\n<li>Micro-racimos. El agua que se electroliza o reduce tendr\u00e1 grupos m\u00e1s peque\u00f1os de mol\u00e9culas de agua. Este tama\u00f1o m\u00e1s peque\u00f1o significa que el agua se puede absorber m\u00e1s f\u00e1cilmente en las c\u00e9lulas, lo que proporciona una hidrataci\u00f3n superior para el cuerpo y ayuda a disolver y eliminar los desechos s\u00f3lidos \u00e1cidos y las toxinas que se han acumulado en el cuerpo.<\/li>\n<li>Los antioxidantes son necesarios para el correcto funcionamiento del sistema inmune. Esto se debe en parte a que las c\u00e9lulas inmunes producen radicales libres para las funciones de defensa normales. Si el nivel de radicales libres en las c\u00e9lulas inmunol\u00f3gicas supera el nivel normal, afectan negativamente el sistema inmune.<\/li>\n<li>Buen gusto. Si su agua potable no sabe bien, simplemente usted no querr\u00e1 beber suficiente agua para mantenerse hidratado.<\/li>\n<\/ol>\n","protected":false},"excerpt":{"rendered":"<p>&nbsp; Si su prioridad es la salud y el bienestar de su familia, el agua que usted consume debe tener al menos las siguientes cualidades: Libre de contaminantes. A veces, el agua del grifo est\u00e1 llena de toxinas insalubres que incluyen sustancias qu\u00edmicas sint\u00e9ticas, metales pesados, bacterias y virus, sustancias radiactivas, as\u00ed como otros aditivos<a class=\"read-more\" href=\"http:\/\/dellavitawater.com\/es\/agua-potable\/\">Continue reading <i class=\"fa fa-angle-right fa-lg\"><\/i><\/a><\/p>\n","protected":false},"author":1,"featured_media":0,"parent":0,"menu_order":0,"comment_status":"closed","ping_status":"closed","template":"","meta":{"footnotes":""},"class_list":["post-5263","page","type-page","status-publish","hentry"],"_links":{"self":[{"href":"http:\/\/dellavitawater.com\/es\/wp-json\/wp\/v2\/pages\/5263","targetHints":{"allow":["GET"]}}],"collection":[{"href":"http:\/\/dellavitawater.com\/es\/wp-json\/wp\/v2\/pages"}],"about":[{"href":"http:\/\/dellavitawater.com\/es\/wp-json\/wp\/v2\/types\/page"}],"author":[{"embeddable":true,"href":"http:\/\/dellavitawater.com\/es\/wp-json\/wp\/v2\/users\/1"}],"replies":[{"embeddable":true,"href":"http:\/\/dellavitawater.com\/es\/wp-json\/wp\/v2\/comments?post=5263"}],"version-history":[{"count":5,"href":"http:\/\/dellavitawater.com\/es\/wp-json\/wp\/v2\/pages\/5263\/revisions"}],"predecessor-version":[{"id":5600,"href":"http:\/\/dellavitawater.com\/es\/wp-json\/wp\/v2\/pages\/5263\/revisions\/5600"}],"wp:attachment":[{"href":"http:\/\/dellavitawater.com\/es\/wp-json\/wp\/v2\/media?parent=5263"}],"curies":[{"name":"wp","href":"https:\/\/api.w.org\/{rel}","templated":true}]}}